{"id":3299,"date":"2020-09-04T14:48:26","date_gmt":"2020-09-04T11:48:26","guid":{"rendered":"http:\/\/localhost\/?page_id=3"},"modified":"2025-10-09T07:43:51","modified_gmt":"2025-10-09T07:43:51","slug":"kvkk_basvuru_metni","status":"publish","type":"page","link":"https:\/\/camecza.com.tr\/?page_id=3299","title":{"rendered":"KVKK Ba\u015fvuru Metni"},"content":{"rendered":"\n<style type=\"text\/css\" data-created_by=\"avia_inline_auto\" id=\"style-css-av-mgj2ueqo-b6ffda655ab2309c09201cba2b053945\">\n#top .av-special-heading.av-mgj2ueqo-b6ffda655ab2309c09201cba2b053945{\npadding-bottom:10px;\n}\nbody .av-special-heading.av-mgj2ueqo-b6ffda655ab2309c09201cba2b053945 .av-special-heading-tag .heading-char{\nfont-size:25px;\n}\n.av-special-heading.av-mgj2ueqo-b6ffda655ab2309c09201cba2b053945 .av-subheading{\nfont-size:15px;\n}\n<\/style>\n<div  class='av-special-heading av-mgj2ueqo-b6ffda655ab2309c09201cba2b053945 av-special-heading-h3  avia-builder-el-0  el_before_av_textblock  avia-builder-el-first '><h3 class='av-special-heading-tag '  itemprop=\"headline\"  >KVKK Ba\u015fvuru Metni<\/h3><div class=\"special-heading-border\"><div class=\"special-heading-inner-border\"><\/div><\/div><\/div>\n<section  class='av_textblock_section av-kgi0ma63-88e81fcb949ab1150cfef2febcb18841 '   itemscope=\"itemscope\" itemtype=\"https:\/\/schema.org\/CreativeWork\" ><div class='avia_textblock'  itemprop=\"text\" ><table border=\"0\" cellspacing=\"0\" cellpadding=\"0\" align=\"center\">\n<tbody>\n<tr>\n<td><strong>\u00c7AM ECZA DEPOSU SA\u011eLIK VE E\u011e\u0130T\u0130M H\u0130ZMETLER\u0130N NAKL\u0130YE \u0130N\u015eAAT SANAY\u0130 T\u0130CARET ANON\u0130M \u015e\u0130RKET\u0130<br \/>\nK\u0130\u015e\u0130SEL VER\u0130LER\u0130N KORUNMASI KANUNU KAPSAMINDA BA\u015eVURU HUSUSUNDA AYDINLATMA METN\u0130<\/strong><\/p>\n<p><strong>Genel A\u00e7\u0131klamalar<\/strong><\/p>\n<p>6698 Say\u0131l\u0131 Ki\u015fisel Verilerin Korunmas\u0131 Kanunu\u2019nda (\u201cKVK KANUNU\u201d) ilgili ki\u015fi olarak tan\u0131mlanan ki\u015fisel veri sahiplerine (Bundan sonra \u201cBa\u015fvuru Sahibi\u201d olarak an\u0131lacakt\u0131r), Ki\u015fisel Verilerin Korunmas\u0131 Kanunu\u2019nun 1\u2019inci Maddesi kapsam\u0131nda ki\u015fisel verilerinin i\u015flenmesine ili\u015fkin birtak\u0131m haklar tan\u0131nm\u0131\u015ft\u0131r.<\/p>\n<p>Ki\u015fisel Verilerin Korunmas\u0131 Kanunu\u2019nun 13\u2019\u00fcnc\u00fc maddesinin 1\u2019inci f\u0131kras\u0131na g\u00f6re, \u015eirketimize (\u201cVeri Sorumlusu\u201d) bu haklara ili\u015fkin olarak yap\u0131lacak ba\u015fvurunun\u00a0<strong>yaz\u0131l\u0131 olarak veya Ki\u015fisel Verilerin Korunmas\u0131 Kurulu<\/strong>\u00a0(\u201cKurul\u201d)\u00a0<strong>taraf\u0131ndan belirlenecek di\u011fer y\u00f6ntemlerle<\/strong>\u00a0taraf\u0131m\u0131za iletilmesi gerekmektedir.<\/p>\n<p>Bu \u00e7er\u00e7evede\u00a0<strong>\u201cyaz\u0131l\u0131\u201d<\/strong>\u00a0olarak \u015firketimize yap\u0131lacak ba\u015fvurular, i\u015fbu formun \u00e7\u0131kt\u0131s\u0131 al\u0131narak;<\/p>\n<ul>\n<li>Ba\u015fvuru Sahibi\u2019nin\u00a0<strong>\u015fahsen ba\u015fvurusu<\/strong>\u00a0ile,<\/li>\n<li><strong>Noter vas\u0131tas\u0131yla<\/strong>,<\/li>\n<li>Ba\u015fvuru Sahibi\u2019nce 5070 Say\u0131l\u0131 Elektronik \u0130mza Kanunu\u2019nda tan\u0131ml\u0131 olan\u00a0<strong>\u201cg\u00fcvenli elektronik imza\u201d<\/strong>\u00a0ile imzalanarak \u015eirket kay\u0131tl\u0131 elektronik posta adresine g\u00f6nderilmek suretiyle veya a\u015fa\u011f\u0131daki tablodaki y\u00f6ntemlerden biri kullan\u0131larak,<\/li>\n<li>Ba\u015fvuru formu doldurulup mobil imza ya da ilgili ki\u015fi taraf\u0131ndan veri sorumlusuna daha \u00f6nce bildirilen ve veri sorumlusunun sisteminde kay\u0131tl\u0131 bulunan elektronik posta adresini kullanarak\u00a0<strong><a href=\"mailto:kvkk@camecza.com\">kvkk@camecza.com<\/a>\u00a0adresine elektronik posta ile g\u00f6nderilmesi suretiyle<\/strong>\u00a0taraf\u0131m\u0131za iletilebilecektir.<\/li>\n<\/ul>\n<table border=\"1\" cellspacing=\"0\" cellpadding=\"1\" align=\"center\">\n<tbody>\n<tr>\n<td><\/td>\n<td><strong>Ba\u015fvuru Y\u00f6ntemi<\/strong><\/td>\n<td><strong>Ba\u015fvuru Yap\u0131lacak Adres<\/strong><\/td>\n<td><strong>Ba\u015fvuruda Yer Almas\u0131 Gereken Bilgi<\/strong><\/td>\n<\/tr>\n<tr>\n<td>1.Yaz\u0131l\u0131 Olarak Ba\u015fvuru<\/td>\n<td>Islak imzal\u0131 \u015fahsen ba\u015fvuru, kargo, posta veya noter vas\u0131tas\u0131yla<\/td>\n<td>Orta Mahalle Atabey Sokak No: 2\/1 Bayrampa\u015fa \/ \u0130STANBUL<\/td>\n<td>Ba\u015fvuruda; a) Ad, soyad\u0131 ve ba\u015fvuru yaz\u0131l\u0131 ise imza, b) T\u00fcrkiye Cumhuriyeti vatanda\u015flar\u0131 i\u00e7in T.C. kimlik numaras\u0131, yabanc\u0131lar i\u00e7in uyru\u011fu, pasaport numaras\u0131 veya varsa kimlik numaras\u0131, c) Tebligata esas yerle\u015fim yeri veya i\u015f yeri adresi, \u00e7) Varsa bildirime esas elektronik posta adresi, telefon ve faks numaras\u0131, d) Talep konusu bulunmas\u0131 zorunludur.\u00a0Konuya ili\u015fkin bilgi ve belgeler ba\u015fvuruya eklenir. Yaz\u0131l\u0131 ba\u015fvurularda, veri sorumlusuna veya temsilcisine evrak\u0131n tebli\u011f edildi\u011fi tarih, ba\u015fvuru tarihidir. Di\u011fer y\u00f6ntemlerle yap\u0131lan ba\u015fvurularda; ba\u015fvurunun veri sorumlusuna ula\u015ft\u0131\u011f\u0131 tarih, ba\u015fvuru tarihidir.<\/td>\n<\/tr>\n<tr>\n<td>2. Kay\u0131tl\u0131 Elektronik Posta (KEP) adresi ile<\/td>\n<td>Kay\u0131tl\u0131 Elektronik Posta (KEP) adresi ile<\/td>\n<td>cameczadeposu@hs01.kep.tr<\/td>\n<td>Ba\u015fvuruda; a) Ad, soyad\u0131 ve ba\u015fvuru yaz\u0131l\u0131 ise imza, b) T\u00fcrkiye Cumhuriyeti vatanda\u015flar\u0131 i\u00e7in T.C. kimlik numaras\u0131, yabanc\u0131lar i\u00e7in uyru\u011fu, pasaport numaras\u0131 veya varsa kimlik numaras\u0131, c) Tebligata esas yerle\u015fim yeri veya i\u015f yeri adresi, \u00e7) Varsa bildirime esas elektronik posta adresi, telefon ve faks numaras\u0131, d) Talep konusu bulunmas\u0131 zorunludur. Konuya ili\u015fkin bilgi ve belgeler ba\u015fvuruya eklenir. Yaz\u0131l\u0131 ba\u015fvurularda, veri sorumlusuna veya temsilcisine evrak\u0131n tebli\u011f edildi\u011fi tarih, ba\u015fvuru tarihidir. Di\u011fer y\u00f6ntemlerle yap\u0131lan ba\u015fvurularda; ba\u015fvurunun veri sorumlusuna ula\u015ft\u0131\u011f\u0131 tarih, ba\u015fvuru tarihidir.<\/td>\n<\/tr>\n<tr>\n<td>3. \u015eirket Sisteminde Bulunan Elektronik Posta Adresi ile Ba\u015fvuru<\/td>\n<td>\u00c7am Ecza Deposusisteminde kay\u0131tl\u0131 bulunan elektronik posta adresi kullan\u0131lmak suretiyle<\/td>\n<td>kvkk@camecza.com<\/td>\n<td>Ba\u015fvuruda; a) Ad, soyad\u0131 ve ba\u015fvuru yaz\u0131l\u0131 ise imza, b) T\u00fcrkiye Cumhuriyeti vatanda\u015flar\u0131 i\u00e7in T.C. kimlik numaras\u0131, yabanc\u0131lar i\u00e7in uyru\u011fu, pasaport numaras\u0131 veya varsa kimlik numaras\u0131, c) Tebligata esas yerle\u015fim yeri veya i\u015f yeri adresi, \u00e7) Varsa bildirime esas elektronik posta adresi, telefon ve faks numaras\u0131, d) Talep konusu bulunmas\u0131 zorunludur. Konuya ili\u015fkin bilgi ve belgeler ba\u015fvuruya eklenir. Yaz\u0131l\u0131 ba\u015fvurularda, veri sorumlusuna veya temsilcisine evrak\u0131n tebli\u011f edildi\u011fi tarih, ba\u015fvuru tarihidir. Di\u011fer y\u00f6ntemlerle yap\u0131lan ba\u015fvurularda; ba\u015fvurunun veri sorumlusuna ula\u015ft\u0131\u011f\u0131 tarih, ba\u015fvuru tarihidir.<\/td>\n<\/tr>\n<tr>\n<td>4. \u015eirket Sisteminde Bulunmayan Elektronik Posta Adresi ile Ba\u015fvuru<\/td>\n<td>Mobil imza\/e-imza i\u00e7erecek bi\u00e7imde \u00c7am Ecza Deposu sisteminde bulunmayan elektronik posta adresi kullanmak suretiyle<\/td>\n<td>kvkk@camecza.com<\/td>\n<td>Ba\u015fvuruda; a) Ad, soyad\u0131 ve ba\u015fvuru yaz\u0131l\u0131 ise imza, b) T\u00fcrkiye Cumhuriyeti vatanda\u015flar\u0131 i\u00e7in T.C. kimlik numaras\u0131, yabanc\u0131lar i\u00e7in uyru\u011fu, pasaport numaras\u0131 veya varsa kimlik numaras\u0131, c) Tebligata esas yerle\u015fim yeri veya i\u015f yeri adresi, \u00e7) Varsa bildirime esas elektronik posta adresi, telefon ve faks numaras\u0131, d) Talep konusu bulunmas\u0131 zorunludur. Konuya ili\u015fkin bilgi ve belgeler ba\u015fvuruya eklenir. Yaz\u0131l\u0131 ba\u015fvurularda, veri sorumlusuna veya temsilcisine evrak\u0131n tebli\u011f edildi\u011fi tarih, ba\u015fvuru tarihidir. Di\u011fer y\u00f6ntemlerle yap\u0131lan ba\u015fvurularda; ba\u015fvurunun veri sorumlusuna ula\u015ft\u0131\u011f\u0131 tarih, ba\u015fvuru tarihidir.<\/td>\n<\/tr>\n<\/tbody>\n<\/table>\n<p>A\u015fa\u011f\u0131da, yaz\u0131l\u0131 ba\u015fvurular\u0131n ne \u015fekilde taraf\u0131m\u0131za ula\u015ft\u0131r\u0131laca\u011f\u0131na ili\u015fkin yaz\u0131l\u0131 ba\u015fvuru kanallar\u0131 \u00f6zelinde bilgiler verilmektedir.<\/p>\n<p>Ayr\u0131ca, Kurul\u2019un belirleyece\u011fi di\u011fer y\u00f6ntemler duyurulduktan sonra bu y\u00f6ntemler \u00fczerinden de ba\u015fvurular\u0131n ne \u015fekilde al\u0131naca\u011f\u0131 \u015firketimizce duyurulacakt\u0131r.<\/p>\n<p>Taraf\u0131m\u0131za iletilmi\u015f olan ba\u015fvurular\u0131n\u0131z Ki\u015fisel Verilerin Korunmas\u0131 Kanunu\u2019nun 13\u2019\u00fcnc\u00fc maddesinin 2\u2019inci f\u0131kras\u0131 gere\u011fince, talebin niteli\u011fine g\u00f6re talebinizin bizlere ula\u015ft\u0131\u011f\u0131 tarihten itibaren otuz g\u00fcn i\u00e7inde yan\u0131tland\u0131r\u0131lacakt\u0131r. Yan\u0131tlar\u0131m\u0131z ilgili KVK Kanunu\u2019nun 13\u2019\u00fcnc\u00fc maddesi h\u00fckm\u00fc gere\u011fince yaz\u0131l\u0131 veya elektronik ortamdan taraf\u0131n\u0131za ula\u015ft\u0131r\u0131lacakt\u0131r.<\/p>\n<p>Forma ula\u015fmak i\u00e7in l\u00fctfen\u00a0<a href=\"https:\/\/mega.nz\/file\/FG4zxaSJ#XtnXYGikyvlyEitiw8ziiA6Nf8Zl1DZtFy410FAFgvM\"><strong><u>t\u0131klay\u0131n\u0131z.<\/u><\/strong><\/a><\/td>\n<\/tr>\n<\/tbody>\n<\/table>\n<\/div><\/section>\n","protected":false},"excerpt":{"rendered":"","protected":false},"author":1,"featured_media":0,"parent":0,"menu_order":0,"comment_status":"closed","ping_status":"closed","template":"","meta":{"footnotes":""},"class_list":["post-3299","page","type-page","status-publish","hentry"],"_links":{"self":[{"href":"https:\/\/camecza.com.tr\/index.php?rest_route=\/wp\/v2\/pages\/3299","targetHints":{"allow":["GET"]}}],"collection":[{"href":"https:\/\/camecza.com.tr\/index.php?rest_route=\/wp\/v2\/pages"}],"about":[{"href":"https:\/\/camecza.com.tr\/index.php?rest_route=\/wp\/v2\/types\/page"}],"author":[{"embeddable":true,"href":"https:\/\/camecza.com.tr\/index.php?rest_route=\/wp\/v2\/users\/1"}],"replies":[{"embeddable":true,"href":"https:\/\/camecza.com.tr\/index.php?rest_route=%2Fwp%2Fv2%2Fcomments&post=3299"}],"version-history":[{"count":15,"href":"https:\/\/camecza.com.tr\/index.php?rest_route=\/wp\/v2\/pages\/3299\/revisions"}],"predecessor-version":[{"id":4834,"href":"https:\/\/camecza.com.tr\/index.php?rest_route=\/wp\/v2\/pages\/3299\/revisions\/4834"}],"wp:attachment":[{"href":"https:\/\/camecza.com.tr\/index.php?rest_route=%2Fwp%2Fv2%2Fmedia&parent=3299"}],"curies":[{"name":"wp","href":"https:\/\/api.w.org\/{rel}","templated":true}]}}