{"id":3302,"date":"2013-04-05T13:33:38","date_gmt":"2013-04-05T13:33:38","guid":{"rendered":"http:\/\/www.kriesi.at\/themes\/enfold\/?page_id=1167"},"modified":"2022-08-09T12:38:31","modified_gmt":"2022-08-09T12:38:31","slug":"ik","status":"publish","type":"page","link":"https:\/\/camecza.com.tr\/?page_id=3302","title":{"rendered":"\u0130nsan Kaynaklar\u0131"},"content":{"rendered":"\n<style type=\"text\/css\" data-created_by=\"avia_inline_auto\" id=\"style-css-av-fzu9hb-122396d06534f2bff78a24defa2d861d\">\n.flex_column.av-fzu9hb-122396d06534f2bff78a24defa2d861d{\nborder-radius:0px 0px 0px 0px;\npadding:0px 0px 0px 0px;\n}\n<\/style>\n<div  class='flex_column av-fzu9hb-122396d06534f2bff78a24defa2d861d av_one_full  avia-builder-el-0  avia-builder-el-no-sibling  first flex_column_div av-animated-generic left-to-right av-zero-column-padding  '     ><p>\n<style type=\"text\/css\" data-created_by=\"avia_inline_auto\" id=\"style-css-av-av_heading-b20df19274a1d5255272ff34a2c6eaa6\">\n#top .av-special-heading.av-av_heading-b20df19274a1d5255272ff34a2c6eaa6{\npadding-bottom:10px;\n}\nbody .av-special-heading.av-av_heading-b20df19274a1d5255272ff34a2c6eaa6 .av-special-heading-tag .heading-char{\nfont-size:25px;\n}\n.av-special-heading.av-av_heading-b20df19274a1d5255272ff34a2c6eaa6 .av-subheading{\nfont-size:15px;\n}\n<\/style>\n<div  class='av-special-heading av-av_heading-b20df19274a1d5255272ff34a2c6eaa6 av-special-heading-h3 meta-heading  avia-builder-el-1  el_before_av_textblock  avia-builder-el-first '><h3 class='av-special-heading-tag '  itemprop=\"headline\"  >\u0130nsan Kaynaklar\u0131<\/h3><div class=\"special-heading-border\"><div class=\"special-heading-inner-border\"><\/div><\/div><\/div><br \/>\n<section  class='av_textblock_section av-cu1omn-37373a64ef66fb06d90a78e776a8ff79 '   itemscope=\"itemscope\" itemtype=\"https:\/\/schema.org\/CreativeWork\" ><div class='avia_textblock'  itemprop=\"text\" ><section class=\"av_textblock_section\">\n<div class=\"avia_textblock \">\n<p><span style=\"vertical-align: inherit;\"><span style=\"vertical-align: inherit;\">\u015eirketimizin i\u015f \u015feklini olu\u015fturan temeller \u0131\u015f\u0131\u011f\u0131nda,<strong>\u201dM\u00fc\u015fteri Odakl\u0131l\u0131k, G\u00fcvenilirlik, Yenilik\u00e7ilik, \u0130nsan Odakl\u0131l\u0131k ve \u00c7eviklik\u201d<\/strong>adaylarda arad\u0131\u011f\u0131m\u0131z niteliklerdendir. Bu kapsamda, yetenekli ve ba\u015far\u0131l\u0131 \u0130\u015fe al\u0131m ekibimiz ile dikkatli, \u00f6zenli bir se\u00e7me ve kariyer s\u00fcreci uygulanmaktad\u0131r.<\/span><\/span><\/p>\n<\/div>\n<\/section>\n<\/div><\/section><br \/>\n<div  class='avia-button-wrap av-kghuyvjz-65e9e9846b477d8279b5eaf343fdf99b-wrap avia-button-right  avia-builder-el-3  el_after_av_textblock  avia-builder-el-last '>\n<style type=\"text\/css\" data-created_by=\"avia_inline_auto\" id=\"style-css-av-kghuyvjz-65e9e9846b477d8279b5eaf343fdf99b\">\n#top #wrap_all .avia-button.av-kghuyvjz-65e9e9846b477d8279b5eaf343fdf99b:hover{\nbackground-color:grey;\ncolor:#ffffff;\ntransition:all 0.4s ease-in-out;\n}\n#top #wrap_all .avia-button.av-kghuyvjz-65e9e9846b477d8279b5eaf343fdf99b:hover .avia-svg-icon svg:first-child{\nfill:#ffffff;\nstroke:#ffffff;\n}\n<\/style>\n<a href='http:\/\/daphne.camecza.com:88\/daphne\/application\/RecruitingCurrentOpenings\/MyCurrentOpenings.aspx?UID=0BD6DC02-4541-4B18-A3DA-4946F92CCC11'  class='avia-button av-kghuyvjz-65e9e9846b477d8279b5eaf343fdf99b av-link-btn avia-icon_select-yes-left-icon avia-size-small avia-position-right avia-color-green avia-font-color-theme-color-highlight'  target=\"_blank\"  rel=\"noopener noreferrer\"  aria-label=\"\u0130\u015f Ba\u015fvurusu\"><span class='avia_button_icon avia_button_icon_left avia-iconfont avia-font-entypo-fontello' data-av_icon='\ue840' data-av_iconfont='entypo-fontello' ><\/span><span class='avia_iconbox_title' >\u0130\u015f Ba\u015fvurusu<\/span><\/a><\/div><\/p><\/div>\n","protected":false},"excerpt":{"rendered":"","protected":false},"author":1,"featured_media":0,"parent":0,"menu_order":2,"comment_status":"open","ping_status":"open","template":"","meta":{"footnotes":""},"class_list":["post-3302","page","type-page","status-publish","hentry"],"_links":{"self":[{"href":"https:\/\/camecza.com.tr\/index.php?rest_route=\/wp\/v2\/pages\/3302","targetHints":{"allow":["GET"]}}],"collection":[{"href":"https:\/\/camecza.com.tr\/index.php?rest_route=\/wp\/v2\/pages"}],"about":[{"href":"https:\/\/camecza.com.tr\/index.php?rest_route=\/wp\/v2\/types\/page"}],"author":[{"embeddable":true,"href":"https:\/\/camecza.com.tr\/index.php?rest_route=\/wp\/v2\/users\/1"}],"replies":[{"embeddable":true,"href":"https:\/\/camecza.com.tr\/index.php?rest_route=%2Fwp%2Fv2%2Fcomments&post=3302"}],"version-history":[{"count":11,"href":"https:\/\/camecza.com.tr\/index.php?rest_route=\/wp\/v2\/pages\/3302\/revisions"}],"predecessor-version":[{"id":4374,"href":"https:\/\/camecza.com.tr\/index.php?rest_route=\/wp\/v2\/pages\/3302\/revisions\/4374"}],"wp:attachment":[{"href":"https:\/\/camecza.com.tr\/index.php?rest_route=%2Fwp%2Fv2%2Fmedia&parent=3302"}],"curies":[{"name":"wp","href":"https:\/\/api.w.org\/{rel}","templated":true}]}}