{"id":3419,"date":"2020-10-19T15:39:48","date_gmt":"2020-10-19T12:39:48","guid":{"rendered":"http:\/\/localhost\/?page_id=3419"},"modified":"2025-11-19T07:25:42","modified_gmt":"2025-11-19T07:25:42","slug":"iletisim","status":"publish","type":"page","link":"https:\/\/camecza.com.tr\/?page_id=3419","title":{"rendered":"\u0130leti\u015fim"},"content":{"rendered":"\n<style type=\"text\/css\" data-created_by=\"avia_inline_auto\" id=\"style-css-av-4ghmq7-e682c7c9e3577c7ecb1f2dca801ed2ee\">\n.flex_column.av-4ghmq7-e682c7c9e3577c7ecb1f2dca801ed2ee{\nborder-radius:0px 0px 0px 0px;\npadding:0px 0px 0px 0px;\n}\n<\/style>\n<div  class='flex_column av-4ghmq7-e682c7c9e3577c7ecb1f2dca801ed2ee av_one_full  avia-builder-el-0  el_before_av_one_half  avia-builder-el-first  first flex_column_div av-zero-column-padding  '     ><style type=\"text\/css\" data-created_by=\"avia_inline_auto\" id=\"style-css-av-6sy0mj-2f5242e86e7bede7d2f362815dbf3dea\">\n#top .av-special-heading.av-6sy0mj-2f5242e86e7bede7d2f362815dbf3dea{\npadding-bottom:10px;\n}\nbody .av-special-heading.av-6sy0mj-2f5242e86e7bede7d2f362815dbf3dea .av-special-heading-tag .heading-char{\nfont-size:25px;\n}\n.av-special-heading.av-6sy0mj-2f5242e86e7bede7d2f362815dbf3dea .av-subheading{\nfont-size:15px;\n}\n<\/style>\n<div  class='av-special-heading av-6sy0mj-2f5242e86e7bede7d2f362815dbf3dea av-special-heading-h3  avia-builder-el-1  avia-builder-el-no-sibling '><h3 class='av-special-heading-tag '  itemprop=\"headline\"  >\u0130leti\u015fim Bilgilerimiz<\/h3><div class=\"special-heading-border\"><div class=\"special-heading-inner-border\"><\/div><\/div><\/div><\/div>\n\n<style type=\"text\/css\" data-created_by=\"avia_inline_auto\" id=\"style-css-av-2eikjv-29ad680bbc4f873c70046215b21a1be0\">\n.flex_column.av-2eikjv-29ad680bbc4f873c70046215b21a1be0{\nborder-radius:0px 0px 0px 0px;\npadding:0px 0px 0px 0px;\n}\n<\/style>\n<div  class='flex_column av-2eikjv-29ad680bbc4f873c70046215b21a1be0 av_one_half  avia-builder-el-2  el_after_av_one_full  el_before_av_one_half  first flex_column_div av-zero-column-padding  column-top-margin'     ><p><section  class='av_textblock_section av-kghvqngr-5-39c9af18f62a1c10f9bd5adbd6ebce09 '   itemscope=\"itemscope\" itemtype=\"https:\/\/schema.org\/CreativeWork\" ><div class='avia_textblock'  itemprop=\"text\" ><p><strong>MERKEZ OF\u0130S<\/strong><br \/>\nOrtado\u011fu Plaza Kaptanpa\u015fa Mah. Piyalepa\u015fa Bulvar\u0131, Okmeydan\u0131 Cd No:73, Kat 10, \u015ei\u015fli\/\u0130stanbul<br \/>\n<strong>Tel<\/strong>: 0850 255 01 98<\/p>\n<\/div><\/section><br \/>\n<div  class='hr av-3ipbvv-4-55968d78e17e918b4e97a16f354bcc83 hr-default  avia-builder-el-4  el_after_av_textblock  el_before_av_textblock '><span class='hr-inner '><span class=\"hr-inner-style\"><\/span><\/span><\/div><br \/>\n<section  class='av_textblock_section av-kghvqngr-7bc3bd1748b4241cf7a243823b977389 '   itemscope=\"itemscope\" itemtype=\"https:\/\/schema.org\/CreativeWork\" ><div class='avia_textblock'  itemprop=\"text\" ><p><strong>\u0130STANBUL SAB\u0130HA G\u00d6K\u00c7EN DEPO<\/strong><br \/>\nAk\u015femsettin Mah. Fatih Blv. No:539\u00a0 Sultanbeyli\/\u0130stanbul<br \/>\n<strong>Tel<\/strong>: +90 (212) 632 33 35<\/p>\n<\/div><\/section><br \/>\n<div  class='hr av-2hl617-bd6e11a203da9e9e7ded2fdc06d4912e hr-default  avia-builder-el-6  el_after_av_textblock  el_before_av_textblock '><span class='hr-inner '><span class=\"hr-inner-style\"><\/span><\/span><\/div><br \/>\n<section  class='av_textblock_section av-kghvqngr-8-a1efd1fa39b34f3db30ecb4bb346af23 '   itemscope=\"itemscope\" itemtype=\"https:\/\/schema.org\/CreativeWork\" ><div class='avia_textblock'  itemprop=\"text\" ><p><strong>\u0130STANBUL BAYRAMPA\u015eA DEPO<\/strong><br \/>\nOrta Mah. \u0130brahima\u011fa Cad. Atabey Sk. No:2\/1 Bayrampa\u015fa\/\u0130STANBUL<br \/>\n<strong>Tel<\/strong>: +90 (212) 632 33 35<\/p>\n<\/div><\/section><br \/>\n<div  class='hr av-2hl617-7-94670a715a5e1db68c3ac28dd8999981 hr-default  avia-builder-el-8  el_after_av_textblock  el_before_av_textblock '><span class='hr-inner '><span class=\"hr-inner-style\"><\/span><\/span><\/div><br \/>\n<section  class='av_textblock_section av-kghvqngr-6-1590a01abb7eee2b0d287bdb18e3ed14 '   itemscope=\"itemscope\" itemtype=\"https:\/\/schema.org\/CreativeWork\" ><div class='avia_textblock'  itemprop=\"text\" ><p><strong>ANKARA DEPO<\/strong><br \/>\n\u015eehit Ali Gaffar Okkan Cad. No:40\/B G\u00f6lba\u015f\u0131\/ANKARA<br \/>\n<strong>Tel<\/strong>: +90 (312) 485 20 21<\/p>\n<\/div><\/section><br \/>\n<div  class='hr av-3ipbvv-667f42121393d78e4c89127b1e9f4bde hr-default  avia-builder-el-10  el_after_av_textblock  el_before_av_textblock '><span class='hr-inner '><span class=\"hr-inner-style\"><\/span><\/span><\/div><br \/>\n<section  class='av_textblock_section av-kghvqngr-3-329f254471dcb923b849a601141d322c '   itemscope=\"itemscope\" itemtype=\"https:\/\/schema.org\/CreativeWork\" ><div class='avia_textblock'  itemprop=\"text\" ><p><strong>\u0130ZM\u0130R DEPO<\/strong><br \/>\nBuca Koop Mahallesi 220\/71 Sokak No:10\/A Buca\/\u0130ZM\u0130R<br \/>\n<strong>Tel<\/strong>: +90 (232) 453 66 96<\/p>\n<\/div><\/section><br \/>\n<div  class='hr av-3ipbvv-2-fb598f38c65741ad8a51c950b80dd783 hr-default  avia-builder-el-12  el_after_av_textblock  el_before_av_textblock '><span class='hr-inner '><span class=\"hr-inner-style\"><\/span><\/span><\/div><br \/>\n<section  class='av_textblock_section av-kghvqngr-1-1c23166466f7141f6330553fc5995c66 '   itemscope=\"itemscope\" itemtype=\"https:\/\/schema.org\/CreativeWork\" ><div class='avia_textblock'  itemprop=\"text\" ><p><strong>ADANA DEPO<\/strong><br \/>\nG\u00fcrsel Pa\u015fa Mah. Abidin Dino Bul. Koza Park Evleri No:26 Seyhan\/ADANA<br \/>\n<strong>Tel<\/strong>: +90 (322) 245 05 45<\/p>\n<\/div><\/section><\/p><\/div>\n<style type=\"text\/css\" data-created_by=\"avia_inline_auto\" id=\"style-css-av-4ghmq7-9-a34e3af6c65f95ff4f4803f7b362e8b6\">\n.flex_column.av-4ghmq7-9-a34e3af6c65f95ff4f4803f7b362e8b6{\nborder-radius:0px 0px 0px 0px;\npadding:0px 0px 0px 0px;\n}\n<\/style>\n<div  class='flex_column av-4ghmq7-9-a34e3af6c65f95ff4f4803f7b362e8b6 av_one_half  avia-builder-el-14  el_after_av_one_half  avia-builder-el-last  flex_column_div av-zero-column-padding  column-top-margin'     ><form action=\"https:\/\/camecza.com.tr\/?page_id=3419\" method=\"post\" data-fields-with-error=\"Found errors in the following field(s):\" class=\"avia_ajax_form av-form-labels-visible   avia-builder-el-15  avia-builder-el-no-sibling   \" data-avia-form-id=\"1\" data-avia-redirect='' ><h3 class=''>Bize Ula\u015f\u0131n<\/h3><fieldset><p class='  first_form  form_element form_fullwidth' id='element_avia_1_1'><label for=\"avia_1_1\">Ad-Soyad <abbr class=\"required\" title=\"Zorunlu\">*<\/abbr><\/label> <input name=\"avia_1_1\" class=\"text_input is_empty\" type=\"text\" id=\"avia_1_1\" value=\"\" \/><\/p><p class='  first_form  form_element form_fullwidth' id='element_avia_2_1'><label for=\"avia_2_1\">E-Posta <abbr class=\"required\" title=\"Zorunlu\">*<\/abbr><\/label> <input name=\"avia_2_1\" class=\"text_input is_email\" type=\"text\" id=\"avia_2_1\" value=\"\" \/><\/p><p class='  first_form  form_element form_fullwidth' id='element_avia_3_1'><label for=\"avia_3_1\">Konu <abbr class=\"required\" title=\"Zorunlu\">*<\/abbr><\/label> <input name=\"avia_3_1\" class=\"text_input is_empty\" type=\"text\" id=\"avia_3_1\" value=\"\" \/><\/p><p class='  first_form  form_element form_fullwidth' id='element_avia_4_1'><label for=\"avia_4_1\" class=\"textare_label hidden textare_label_avia_4_1\">Mesaj <abbr class=\"required\" title=\"Zorunlu\">*<\/abbr><\/label><textarea  name=\"avia_4_1\" class=\"text_area is_empty\" cols=\"40\" rows=\"7\" id=\"avia_4_1\" ><\/textarea><\/p><p class=\"hidden\"><input type=\"text\" name=\"avia_5_1\" class=\"hidden \" id=\"avia_5_1\" value=\"\" \/><\/p><p class='   form_element form_fullwidth' id='element_avia_6_1'><span class='value_verifier_label'>0 + 1 = ?<\/span><input name=\"avia_6_1_verifier\" type=\"hidden\" id=\"avia_6_1_verifier\" value=\"273714517\"\/><label for=\"avia_6_1\">L\u00fctfen denklemi \u00e7\u00f6zerek insan oldu\u011funuzu kan\u0131tlay\u0131n\u0131z <abbr class=\"required\" title=\"Zorunlu\">*<\/abbr><\/label><input name=\"avia_6_1\" class=\"text_input captcha\" type=\"text\" id=\"avia_6_1\" value=\"\"\/><\/p><p class=\"form_element \"><input type=\"hidden\" value=\"1\" name=\"avia_generated_form1\" \/><input type=\"submit\" value=\"G\u00f6nder\" class=\"button\"  data-sending-label=\"G\u00f6nderiliyor\"\/><\/p><\/fieldset><\/form><div id=\"ajaxresponse_1\" class=\"ajaxresponse ajaxresponse_1 hidden\"><\/div><\/div><\/p>\n","protected":false},"excerpt":{"rendered":"","protected":false},"author":1,"featured_media":0,"parent":0,"menu_order":3,"comment_status":"closed","ping_status":"closed","template":"","meta":{"footnotes":""},"class_list":["post-3419","page","type-page","status-publish","hentry"],"_links":{"self":[{"href":"https:\/\/camecza.com.tr\/index.php?rest_route=\/wp\/v2\/pages\/3419","targetHints":{"allow":["GET"]}}],"collection":[{"href":"https:\/\/camecza.com.tr\/index.php?rest_route=\/wp\/v2\/pages"}],"about":[{"href":"https:\/\/camecza.com.tr\/index.php?rest_route=\/wp\/v2\/types\/page"}],"author":[{"embeddable":true,"href":"https:\/\/camecza.com.tr\/index.php?rest_route=\/wp\/v2\/users\/1"}],"replies":[{"embeddable":true,"href":"https:\/\/camecza.com.tr\/index.php?rest_route=%2Fwp%2Fv2%2Fcomments&post=3419"}],"version-history":[{"count":59,"href":"https:\/\/camecza.com.tr\/index.php?rest_route=\/wp\/v2\/pages\/3419\/revisions"}],"predecessor-version":[{"id":4840,"href":"https:\/\/camecza.com.tr\/index.php?rest_route=\/wp\/v2\/pages\/3419\/revisions\/4840"}],"wp:attachment":[{"href":"https:\/\/camecza.com.tr\/index.php?rest_route=%2Fwp%2Fv2%2Fmedia&parent=3419"}],"curies":[{"name":"wp","href":"https:\/\/api.w.org\/{rel}","templated":true}]}}