{"id":3426,"date":"2020-10-19T15:42:47","date_gmt":"2020-10-19T12:42:47","guid":{"rendered":"http:\/\/localhost\/?page_id=3422"},"modified":"2024-10-30T11:11:14","modified_gmt":"2024-10-30T11:11:14","slug":"banka","status":"publish","type":"page","link":"https:\/\/camecza.com.tr\/?page_id=3426","title":{"rendered":"Banka Hesap Bilgileri"},"content":{"rendered":"\n<style type=\"text\/css\" data-created_by=\"avia_inline_auto\" id=\"style-css-av-kghxkkkm-45e68a971e63db08680b5efa6a7c9d88\">\n.avia-section.av-kghxkkkm-45e68a971e63db08680b5efa6a7c9d88{\nbackground-color:#fcfcfc;\nbackground-image:unset;\n}\n<\/style>\n<div id='av_section_1'  class='avia-section av-kghxkkkm-45e68a971e63db08680b5efa6a7c9d88 main_color avia-section-default avia-no-border-styling  avia-builder-el-0  el_before_av_one_third  avia-builder-el-first  avia-bg-style-scroll container_wrap fullsize'  ><div class='container av-section-cont-open' ><main  role=\"main\" itemprop=\"mainContentOfPage\"  class='template-page content  av-content-full alpha units'><div class='post-entry post-entry-type-page post-entry-3426'><div class='entry-content-wrapper clearfix'>\n\n<style type=\"text\/css\" data-created_by=\"avia_inline_auto\" id=\"style-css-av-36rl7i-19cacd5042a5386b5c7a9c32707487ad\">\n.flex_column.av-36rl7i-19cacd5042a5386b5c7a9c32707487ad{\nborder-radius:0px 0px 0px 0px;\npadding:0px 0px 0px 0px;\n}\n<\/style>\n<div  class='flex_column av-36rl7i-19cacd5042a5386b5c7a9c32707487ad av_one_full  avia-builder-el-1  avia-builder-el-no-sibling  first flex_column_div av-zero-column-padding  '     ><p>\n<style type=\"text\/css\" data-created_by=\"avia_inline_auto\" id=\"style-css-av-20zloy-c287265891a244f9ba8b8638dc6cd202\">\n#top .av-special-heading.av-20zloy-c287265891a244f9ba8b8638dc6cd202{\npadding-bottom:10px;\n}\nbody .av-special-heading.av-20zloy-c287265891a244f9ba8b8638dc6cd202 .av-special-heading-tag .heading-char{\nfont-size:25px;\n}\n.av-special-heading.av-20zloy-c287265891a244f9ba8b8638dc6cd202 .av-subheading{\nfont-size:15px;\n}\n<\/style>\n<div  class='av-special-heading av-20zloy-c287265891a244f9ba8b8638dc6cd202 av-special-heading-h2 blockquote modern-quote modern-centered  avia-builder-el-2  el_before_av_hr  avia-builder-el-first '><h2 class='av-special-heading-tag '  itemprop=\"headline\"  >Banka Hesap Bilgilerimiz<\/h2><div class=\"special-heading-border\"><div class=\"special-heading-inner-border\"><\/div><\/div><\/div><br \/>\n<div  class='hr av-kghxhcmp-9e060c47df9db5d54427e17a26d4ff59 hr-default  avia-builder-el-3  el_after_av_heading  el_before_av_textblock '><span class='hr-inner '><span class=\"hr-inner-style\"><\/span><\/span><\/div><br \/>\n<section  class='av_textblock_section av-kghxk3my-f30322a62f339e98850686a44ceaaff6 '   itemscope=\"itemscope\" itemtype=\"https:\/\/schema.org\/CreativeWork\" ><div class='avia_textblock'  itemprop=\"text\" ><p style=\"text-align: center;\">T\u00fcrkiye\u2019de sanal pos hizmeti veren <strong>21<\/strong> bankan\u0131n sanal pos entegrasyonu\u00a0 ile tek ekrandan \u00f6demelerini yapabilirsiniz.Netahsilat sistemleri 3D Secure uyumludur. \u0130\u015flemler 256 Bit SSL ile \u015fifrelenerek yap\u0131lmaktad\u0131r. <strong>Netahsilat<\/strong> platformu <strong>PCI DSS<\/strong> g\u00fcvenlik standartlar\u0131na sahiptir ve uluslar aras\u0131 standartlarda korunmaktad\u0131r. Kullan\u0131c\u0131 bilgilerinizi taraf\u0131m\u0131zdan talep edebilirsiniz.<\/p>\n<p style=\"text-align: center;\">\n<\/div><\/section><br \/>\n<div  class='avia-button-wrap av-kghxssih-c09dc8113ccf615006d5067f6993b432-wrap avia-button-right  avia-builder-el-5  el_after_av_textblock  avia-builder-el-last '>\n<style type=\"text\/css\" data-created_by=\"avia_inline_auto\" id=\"style-css-av-kghxssih-c09dc8113ccf615006d5067f6993b432\">\n#top #wrap_all .avia-button.av-kghxssih-c09dc8113ccf615006d5067f6993b432:hover{\nbackground-color:grey;\ncolor:#ffffff;\ntransition:all 0.4s ease-in-out;\n}\n#top #wrap_all .avia-button.av-kghxssih-c09dc8113ccf615006d5067f6993b432:hover .avia-svg-icon svg:first-child{\nfill:#ffffff;\nstroke:#ffffff;\n}\n<\/style>\n<a href='https:\/\/odeme.camecza.com\/'  class='avia-button av-kghxssih-c09dc8113ccf615006d5067f6993b432 av-link-btn avia-icon_select-yes-left-icon avia-size-small avia-position-right avia-color-green avia-font-color-theme-color-highlight'  target=\"_blank\"  rel=\"noopener noreferrer\"  aria-label=\"Online \u00d6deme\"><span class='avia_button_icon avia_button_icon_left avia-iconfont avia-font-entypo-fontello' data-av_icon='\ue8cf' data-av_iconfont='entypo-fontello' ><\/span><span class='avia_iconbox_title' >Online \u00d6deme<\/span><\/a><\/div><\/p><\/div>\n<\/div><\/div><\/main><!-- close content main element --><\/div><\/div><div id='after_section_1'  class='main_color av_default_container_wrap container_wrap fullsize'  ><div class='container av-section-cont-open' ><div class='template-page content  av-content-full alpha units'><div class='post-entry post-entry-type-page post-entry-3426'><div class='entry-content-wrapper clearfix'>\n\n<style type=\"text\/css\" data-created_by=\"avia_inline_auto\" id=\"style-css-av-4ghmq7-e682c7c9e3577c7ecb1f2dca801ed2ee\">\n.flex_column.av-4ghmq7-e682c7c9e3577c7ecb1f2dca801ed2ee{\nborder-radius:0px 0px 0px 0px;\npadding:0px 0px 0px 0px;\n}\n<\/style>\n<div  class='flex_column av-4ghmq7-e682c7c9e3577c7ecb1f2dca801ed2ee av_one_third  avia-builder-el-6  el_after_av_section  el_before_av_one_third  avia-builder-el-first  first flex_column_div av-zero-column-padding  '     ><style type=\"text\/css\" data-created_by=\"avia_inline_auto\" id=\"style-css-av-kgp9qgpi-ef2d837b5f9a0fa5c6aa659f42d030b5\">\n#top #wrap_all .iconbox.av-kgp9qgpi-ef2d837b5f9a0fa5c6aa659f42d030b5 .iconbox_content_title{\ncolor:#7c7c7c;\n}\n<\/style>\n<article  class='iconbox iconbox_left av-kgp9qgpi-ef2d837b5f9a0fa5c6aa659f42d030b5  avia-builder-el-7  avia-builder-el-no-sibling '  itemscope=\"itemscope\" itemtype=\"https:\/\/schema.org\/CreativeWork\" ><div class=\"iconbox_content\"><header class=\"entry-content-header\" aria-label=\"Icon: Akbank\"><div class='iconbox_icon heading-color avia-iconfont avia-font-entypo-fontello' data-av_icon='\ue8bd' data-av_iconfont='entypo-fontello'  ><\/div><h3 class='iconbox_content_title '  itemprop=\"headline\" >Akbank<\/h3><\/header><div class='iconbox_content_container '  itemprop=\"text\" ><p><strong>\u015eube\/Hesap No:<\/strong> 835\/43906<\/p>\n<p><strong>IBAN:<\/strong> TR56 0004 6008 3588 8000 0439 06<\/p>\n<\/div><\/div><footer class=\"entry-footer\"><\/footer><\/article><\/div>\n\n<style type=\"text\/css\" data-created_by=\"avia_inline_auto\" id=\"style-css-av-4ghmq7-d418f32f8c901cb81975c3d838794958\">\n.flex_column.av-4ghmq7-d418f32f8c901cb81975c3d838794958{\nborder-radius:0px 0px 0px 0px;\npadding:0px 0px 0px 0px;\n}\n<\/style>\n<div  class='flex_column av-4ghmq7-d418f32f8c901cb81975c3d838794958 av_one_third  avia-builder-el-8  el_after_av_one_third  el_before_av_one_third  flex_column_div av-zero-column-padding  '     ><style type=\"text\/css\" data-created_by=\"avia_inline_auto\" id=\"style-css-av-kgp9qgpi-102ea16bd4b9d83878796be858a058cf\">\n#top #wrap_all .iconbox.av-kgp9qgpi-102ea16bd4b9d83878796be858a058cf .iconbox_content_title{\ncolor:#7c7c7c;\n}\n<\/style>\n<article  class='iconbox iconbox_left av-kgp9qgpi-102ea16bd4b9d83878796be858a058cf  avia-builder-el-9  avia-builder-el-no-sibling '  itemscope=\"itemscope\" itemtype=\"https:\/\/schema.org\/CreativeWork\" ><div class=\"iconbox_content\"><header class=\"entry-content-header\" aria-label=\"Icon: Denizbank\"><div class='iconbox_icon heading-color avia-iconfont avia-font-entypo-fontello' data-av_icon='\ue8bd' data-av_iconfont='entypo-fontello'  ><\/div><h3 class='iconbox_content_title '  itemprop=\"headline\" >Denizbank<\/h3><\/header><div class='iconbox_content_container '  itemprop=\"text\" ><p><strong>\u015eube\/Hesap No:<\/strong> 1170\/977982-351<\/p>\n<p><strong>IBAN:<\/strong> TR32 0013 4000 0009 7798 2000 30<\/p>\n<\/div><\/div><footer class=\"entry-footer\"><\/footer><\/article><\/div>\n<style type=\"text\/css\" data-created_by=\"avia_inline_auto\" id=\"style-css-av-4ghmq7-d418f32f8c901cb81975c3d838794958\">\n.flex_column.av-4ghmq7-d418f32f8c901cb81975c3d838794958{\nborder-radius:0px 0px 0px 0px;\npadding:0px 0px 0px 0px;\n}\n<\/style>\n<div  class='flex_column av-4ghmq7-d418f32f8c901cb81975c3d838794958 av_one_third  avia-builder-el-10  el_after_av_one_third  el_before_av_one_third  flex_column_div av-zero-column-padding  '     ><style type=\"text\/css\" data-created_by=\"avia_inline_auto\" id=\"style-css-av-kgp9qgpi-d4e9a7a72839a7633998ba368cc74576\">\n#top #wrap_all .iconbox.av-kgp9qgpi-d4e9a7a72839a7633998ba368cc74576 .iconbox_content_title{\ncolor:#7c7c7c;\n}\n<\/style>\n<article  class='iconbox iconbox_left av-kgp9qgpi-d4e9a7a72839a7633998ba368cc74576  avia-builder-el-11  avia-builder-el-no-sibling '  itemscope=\"itemscope\" itemtype=\"https:\/\/schema.org\/CreativeWork\" ><div class=\"iconbox_content\"><header class=\"entry-content-header\" aria-label=\"Icon: Finansbank\"><div class='iconbox_icon heading-color avia-iconfont avia-font-entypo-fontello' data-av_icon='\ue8bd' data-av_iconfont='entypo-fontello'  ><\/div><h3 class='iconbox_content_title '  itemprop=\"headline\" >Finansbank<\/h3><\/header><div class='iconbox_content_container '  itemprop=\"text\" ><p><strong>\u015eube\/Hesap No:<\/strong> 1058\/12265082<\/p>\n<p><strong>IBAN:<\/strong> TR49 0011 1000 0000 0012 2650 82<\/p>\n<\/div><\/div><footer class=\"entry-footer\"><\/footer><\/article><\/div><\/p>\n\n<style type=\"text\/css\" data-created_by=\"avia_inline_auto\" id=\"style-css-av-4ghmq7-e682c7c9e3577c7ecb1f2dca801ed2ee\">\n.flex_column.av-4ghmq7-e682c7c9e3577c7ecb1f2dca801ed2ee{\nborder-radius:0px 0px 0px 0px;\npadding:0px 0px 0px 0px;\n}\n<\/style>\n<div  class='flex_column av-4ghmq7-e682c7c9e3577c7ecb1f2dca801ed2ee av_one_third  avia-builder-el-12  el_after_av_one_third  el_before_av_one_third  first flex_column_div av-zero-column-padding  column-top-margin'     ><style type=\"text\/css\" data-created_by=\"avia_inline_auto\" id=\"style-css-av-kgp9qgpi-3cb1c99bec1590d86f1d199d7f649434\">\n#top #wrap_all .iconbox.av-kgp9qgpi-3cb1c99bec1590d86f1d199d7f649434 .iconbox_content_title{\ncolor:#7c7c7c;\n}\n<\/style>\n<article  class='iconbox iconbox_left av-kgp9qgpi-3cb1c99bec1590d86f1d199d7f649434  avia-builder-el-13  avia-builder-el-no-sibling '  itemscope=\"itemscope\" itemtype=\"https:\/\/schema.org\/CreativeWork\" ><div class=\"iconbox_content\"><header class=\"entry-content-header\" aria-label=\"Icon: Garanti Bankas\u0131\"><div class='iconbox_icon heading-color avia-iconfont avia-font-entypo-fontello' data-av_icon='\ue8bd' data-av_iconfont='entypo-fontello'  ><\/div><h3 class='iconbox_content_title '  itemprop=\"headline\" >Garanti Bankas\u0131<\/h3><\/header><div class='iconbox_content_container '  itemprop=\"text\" ><p><strong>\u015eube\/Hesap No:<\/strong> 1675\/6201014<\/p>\n<p><strong>IBAN:<\/strong> TR06 0006 2001 6750 0006 2010 14<\/p>\n<\/div><\/div><footer class=\"entry-footer\"><\/footer><\/article><\/div>\n\n<style type=\"text\/css\" data-created_by=\"avia_inline_auto\" id=\"style-css-av-4ghmq7-d418f32f8c901cb81975c3d838794958\">\n.flex_column.av-4ghmq7-d418f32f8c901cb81975c3d838794958{\nborder-radius:0px 0px 0px 0px;\npadding:0px 0px 0px 0px;\n}\n<\/style>\n<div  class='flex_column av-4ghmq7-d418f32f8c901cb81975c3d838794958 av_one_third  avia-builder-el-14  el_after_av_one_third  el_before_av_one_third  flex_column_div av-zero-column-padding  column-top-margin'     ><style type=\"text\/css\" data-created_by=\"avia_inline_auto\" id=\"style-css-av-kgp9qgpi-7c0cc0cbe799fe2d806e0490340627bc\">\n#top #wrap_all .iconbox.av-kgp9qgpi-7c0cc0cbe799fe2d806e0490340627bc .iconbox_content_title{\ncolor:#7c7c7c;\n}\n<\/style>\n<article  class='iconbox iconbox_left av-kgp9qgpi-7c0cc0cbe799fe2d806e0490340627bc  avia-builder-el-15  avia-builder-el-no-sibling '  itemscope=\"itemscope\" itemtype=\"https:\/\/schema.org\/CreativeWork\" ><div class=\"iconbox_content\"><header class=\"entry-content-header\" aria-label=\"Icon: ING Bank\"><div class='iconbox_icon heading-color avia-iconfont avia-font-entypo-fontello' data-av_icon='\ue8bd' data-av_iconfont='entypo-fontello'  ><\/div><h3 class='iconbox_content_title '  itemprop=\"headline\" >ING Bank<\/h3><\/header><div class='iconbox_content_container '  itemprop=\"text\" ><p><strong>\u015eube\/Hesap No:<\/strong> 143\/4013021<\/p>\n<p><strong>IBAN:<\/strong> TR84 0009 9004 0130 2100 1000 03<\/p>\n<div id=\"gtx-trans\" style=\"position: absolute; left: 170px; top: 34.5938px;\">\n<div class=\"gtx-trans-icon\"><\/div>\n<\/div>\n<\/div><\/div><footer class=\"entry-footer\"><\/footer><\/article><\/div>\n\n<style type=\"text\/css\" data-created_by=\"avia_inline_auto\" id=\"style-css-av-4ghmq7-d418f32f8c901cb81975c3d838794958\">\n.flex_column.av-4ghmq7-d418f32f8c901cb81975c3d838794958{\nborder-radius:0px 0px 0px 0px;\npadding:0px 0px 0px 0px;\n}\n<\/style>\n<div  class='flex_column av-4ghmq7-d418f32f8c901cb81975c3d838794958 av_one_third  avia-builder-el-16  el_after_av_one_third  el_before_av_one_third  flex_column_div av-zero-column-padding  column-top-margin'     ><style type=\"text\/css\" data-created_by=\"avia_inline_auto\" id=\"style-css-av-kgp9qgpi-334c76d69be3306492323fa01bd551ce\">\n#top #wrap_all .iconbox.av-kgp9qgpi-334c76d69be3306492323fa01bd551ce .iconbox_content_title{\ncolor:#7c7c7c;\n}\n<\/style>\n<article  class='iconbox iconbox_left av-kgp9qgpi-334c76d69be3306492323fa01bd551ce  avia-builder-el-17  avia-builder-el-no-sibling '  itemscope=\"itemscope\" itemtype=\"https:\/\/schema.org\/CreativeWork\" ><div class=\"iconbox_content\"><header class=\"entry-content-header\" aria-label=\"Icon: T\u00fcrkiye \u0130\u015f Bankas\u0131\"><div class='iconbox_icon heading-color avia-iconfont avia-font-entypo-fontello' data-av_icon='\ue8bd' data-av_iconfont='entypo-fontello'  ><\/div><h3 class='iconbox_content_title '  itemprop=\"headline\" >T\u00fcrkiye \u0130\u015f Bankas\u0131<\/h3><\/header><div class='iconbox_content_container '  itemprop=\"text\" ><p><strong>\u015eube\/Hesap No:<\/strong> 1387\/0004703<\/p>\n<p><strong>IBAN:<\/strong> TR56 0006 4000 0011 3870 0047 03<\/p>\n<\/div><\/div><footer class=\"entry-footer\"><\/footer><\/article><\/div>\n\n<style type=\"text\/css\" data-created_by=\"avia_inline_auto\" id=\"style-css-av-4ghmq7-e682c7c9e3577c7ecb1f2dca801ed2ee\">\n.flex_column.av-4ghmq7-e682c7c9e3577c7ecb1f2dca801ed2ee{\nborder-radius:0px 0px 0px 0px;\npadding:0px 0px 0px 0px;\n}\n<\/style>\n<div  class='flex_column av-4ghmq7-e682c7c9e3577c7ecb1f2dca801ed2ee av_one_third  avia-builder-el-18  el_after_av_one_third  el_before_av_one_third  first flex_column_div av-zero-column-padding  column-top-margin'     ><style type=\"text\/css\" data-created_by=\"avia_inline_auto\" id=\"style-css-av-kgp9qgpi-3fb3dcad7175ec99ffb5de13793e0b9d\">\n#top #wrap_all .iconbox.av-kgp9qgpi-3fb3dcad7175ec99ffb5de13793e0b9d .iconbox_content_title{\ncolor:#7c7c7c;\n}\n<\/style>\n<article  class='iconbox iconbox_left av-kgp9qgpi-3fb3dcad7175ec99ffb5de13793e0b9d  avia-builder-el-19  avia-builder-el-no-sibling '  itemscope=\"itemscope\" itemtype=\"https:\/\/schema.org\/CreativeWork\" ><div class=\"iconbox_content\"><header class=\"entry-content-header\" aria-label=\"Icon: TEB\"><div class='iconbox_icon heading-color avia-iconfont avia-font-entypo-fontello' data-av_icon='\ue8bd' data-av_iconfont='entypo-fontello'  ><\/div><h3 class='iconbox_content_title '  itemprop=\"headline\" >TEB<\/h3><\/header><div class='iconbox_content_container '  itemprop=\"text\" ><p><strong>\u015eube\/Hesap No:<\/strong> 432\/103753<\/p>\n<p><strong>IBAN:<\/strong> TR72 0003 2000 0000 0090 1659 45<\/p>\n<\/div><\/div><footer class=\"entry-footer\"><\/footer><\/article><\/div>\n<style type=\"text\/css\" data-created_by=\"avia_inline_auto\" id=\"style-css-av-4ghmq7-d418f32f8c901cb81975c3d838794958\">\n.flex_column.av-4ghmq7-d418f32f8c901cb81975c3d838794958{\nborder-radius:0px 0px 0px 0px;\npadding:0px 0px 0px 0px;\n}\n<\/style>\n<div  class='flex_column av-4ghmq7-d418f32f8c901cb81975c3d838794958 av_one_third  avia-builder-el-20  el_after_av_one_third  el_before_av_one_third  flex_column_div av-zero-column-padding  column-top-margin'     ><style type=\"text\/css\" data-created_by=\"avia_inline_auto\" id=\"style-css-av-kgp9qgpi-0e4d7f81be670ce9fb890e7d9d772328\">\n#top #wrap_all .iconbox.av-kgp9qgpi-0e4d7f81be670ce9fb890e7d9d772328 .iconbox_content_title{\ncolor:#7c7c7c;\n}\n<\/style>\n<article  class='iconbox iconbox_left av-kgp9qgpi-0e4d7f81be670ce9fb890e7d9d772328  avia-builder-el-21  avia-builder-el-no-sibling '  itemscope=\"itemscope\" itemtype=\"https:\/\/schema.org\/CreativeWork\" ><div class=\"iconbox_content\"><header class=\"entry-content-header\" aria-label=\"Icon: Yap\u0131kredi Bankas\u0131\"><div class='iconbox_icon heading-color avia-iconfont avia-font-entypo-fontello' data-av_icon='\ue8bd' data-av_iconfont='entypo-fontello'  ><\/div><h3 class='iconbox_content_title '  itemprop=\"headline\" >Yap\u0131kredi Bankas\u0131<\/h3><\/header><div class='iconbox_content_container '  itemprop=\"text\" ><p><strong>\u015eube\/Hesap No:<\/strong> 977\/08798494<\/p>\n<p><strong>IBAN:<\/strong> TR91 0006 7010 0000 0008 7984 94<\/p>\n<\/div><\/div><footer class=\"entry-footer\"><\/footer><\/article><\/div><\/p>\n\n<style type=\"text\/css\" data-created_by=\"avia_inline_auto\" id=\"style-css-av-4ghmq7-d418f32f8c901cb81975c3d838794958\">\n.flex_column.av-4ghmq7-d418f32f8c901cb81975c3d838794958{\nborder-radius:0px 0px 0px 0px;\npadding:0px 0px 0px 0px;\n}\n<\/style>\n<div  class='flex_column av-4ghmq7-d418f32f8c901cb81975c3d838794958 av_one_third  avia-builder-el-22  el_after_av_one_third  avia-builder-el-last  flex_column_div av-zero-column-padding  column-top-margin'     ><style type=\"text\/css\" data-created_by=\"avia_inline_auto\" id=\"style-css-av-kgp9qgpi-b35ac0ce6983de88b16d6192dca66179\">\n#top #wrap_all .iconbox.av-kgp9qgpi-b35ac0ce6983de88b16d6192dca66179 .iconbox_content_title{\ncolor:#7c7c7c;\n}\n<\/style>\n<article  class='iconbox iconbox_left av-kgp9qgpi-b35ac0ce6983de88b16d6192dca66179  avia-builder-el-23  avia-builder-el-no-sibling '  itemscope=\"itemscope\" itemtype=\"https:\/\/schema.org\/CreativeWork\" ><div class=\"iconbox_content\"><header class=\"entry-content-header\" aria-label=\"Icon: Ziraat Bankas\u0131\"><div class='iconbox_icon heading-color avia-iconfont avia-font-entypo-fontello' data-av_icon='\ue8bd' data-av_iconfont='entypo-fontello'  ><\/div><h3 class='iconbox_content_title '  itemprop=\"headline\" >Ziraat Bankas\u0131<\/h3><\/header><div class='iconbox_content_container '  itemprop=\"text\" ><p><strong>\u015eube\/Hesap No:<\/strong> 2282\/2016493<\/p>\n<p><strong>IBAN:<\/strong> TR19 0001 0022 8202 0164 9350 15<\/p>\n<\/div><\/div><footer class=\"entry-footer\"><\/footer><\/article><\/div>\n","protected":false},"excerpt":{"rendered":"","protected":false},"author":1,"featured_media":0,"parent":0,"menu_order":0,"comment_status":"closed","ping_status":"closed","template":"","meta":{"footnotes":""},"class_list":["post-3426","page","type-page","status-publish","hentry"],"_links":{"self":[{"href":"https:\/\/camecza.com.tr\/index.php?rest_route=\/wp\/v2\/pages\/3426","targetHints":{"allow":["GET"]}}],"collection":[{"href":"https:\/\/camecza.com.tr\/index.php?rest_route=\/wp\/v2\/pages"}],"about":[{"href":"https:\/\/camecza.com.tr\/index.php?rest_route=\/wp\/v2\/types\/page"}],"author":[{"embeddable":true,"href":"https:\/\/camecza.com.tr\/index.php?rest_route=\/wp\/v2\/users\/1"}],"replies":[{"embeddable":true,"href":"https:\/\/camecza.com.tr\/index.php?rest_route=%2Fwp%2Fv2%2Fcomments&post=3426"}],"version-history":[{"count":28,"href":"https:\/\/camecza.com.tr\/index.php?rest_route=\/wp\/v2\/pages\/3426\/revisions"}],"predecessor-version":[{"id":4767,"href":"https:\/\/camecza.com.tr\/index.php?rest_route=\/wp\/v2\/pages\/3426\/revisions\/4767"}],"wp:attachment":[{"href":"https:\/\/camecza.com.tr\/index.php?rest_route=%2Fwp%2Fv2%2Fmedia&parent=3426"}],"curies":[{"name":"wp","href":"https:\/\/api.w.org\/{rel}","templated":true}]}}