{"id":4519,"date":"2024-01-23T12:30:42","date_gmt":"2024-01-23T12:30:42","guid":{"rendered":"https:\/\/camecza.com.tr\/?page_id=4519"},"modified":"2026-01-29T13:08:59","modified_gmt":"2026-01-29T13:08:59","slug":"2026-satis-sartlari","status":"publish","type":"page","link":"https:\/\/camecza.com.tr\/?page_id=4519","title":{"rendered":"2026 Sat\u0131\u015f \u015eartlar\u0131"},"content":{"rendered":"\n<style type=\"text\/css\" data-created_by=\"avia_inline_auto\" id=\"style-css-av-mkzgw52x-37ed2c2f9b839e3352580e7a7c0c12de\">\n#top .av-special-heading.av-mkzgw52x-37ed2c2f9b839e3352580e7a7c0c12de{\npadding-bottom:10px;\n}\nbody .av-special-heading.av-mkzgw52x-37ed2c2f9b839e3352580e7a7c0c12de .av-special-heading-tag .heading-char{\nfont-size:25px;\n}\n.av-special-heading.av-mkzgw52x-37ed2c2f9b839e3352580e7a7c0c12de .av-subheading{\nfont-size:15px;\n}\n<\/style>\n<div  class='av-special-heading av-mkzgw52x-37ed2c2f9b839e3352580e7a7c0c12de av-special-heading-h3  avia-builder-el-0  el_before_av_table  avia-builder-el-first '><h3 class='av-special-heading-tag '  itemprop=\"headline\"  >400.000\u20ba ve \u00dczeri Al\u0131m Anla\u015fmas\u0131 (KDV Dahil)<\/h3><div class=\"special-heading-border\"><div class=\"special-heading-inner-border\"><\/div><\/div><\/div>\n<div  class='avia-table av-4ez9h5z-900f7aa345c7ff274195d8e4a3a668c1 main_color avia-pricing-table-container avia_pricing_default  avia-builder-el-1  el_after_av_heading  el_before_av_hr  avia-table-1'  itemscope=\"itemscope\" itemtype=\"https:\/\/schema.org\/Table\" ><div class=\"pricing-table-wrap\"><ul class='pricing-table '><li class='avia-heading-row'><div class='first-table-item'>Kademeler<\/div><span class='pricing-extra'><\/span><\/li><li class=''>1. Kademe<\/li><li class=''>2. Kademe<\/li><li class=''>3. Kademe<\/li><\/ul><\/div><div class=\"pricing-table-wrap\"><ul class='pricing-table '><li class='avia-heading-row'><div class='first-table-item'>Vadeli 90<\/div><span class='pricing-extra'><\/span><\/li><li class=''>%4<\/li><li class=''>%1,5<\/li><li class=''>%0,5<\/li><\/ul><\/div><div class=\"pricing-table-wrap\"><ul class='pricing-table '><li class='avia-heading-row'><div class='first-table-item'>Vadeli 60<\/div><span class='pricing-extra'><\/span><\/li><li class=''>%2<\/li><li class=''>&#8211;<\/li><li class=''>&#8211;<\/li><\/ul><\/div><\/div>\n<div  class='hr av-av_hr-bca31578670ae9d408d6d6d291fc57a6 hr-default  avia-builder-el-2  el_after_av_table  el_before_av_heading '><span class='hr-inner '><span class=\"hr-inner-style\"><\/span><\/span><\/div>\n\n<style type=\"text\/css\" data-created_by=\"avia_inline_auto\" id=\"style-css-av-mkzgy13i-af5bd4104a9dafc3a9580faae6a8c456\">\n#top .av-special-heading.av-mkzgy13i-af5bd4104a9dafc3a9580faae6a8c456{\npadding-bottom:10px;\n}\nbody .av-special-heading.av-mkzgy13i-af5bd4104a9dafc3a9580faae6a8c456 .av-special-heading-tag .heading-char{\nfont-size:25px;\n}\n.av-special-heading.av-mkzgy13i-af5bd4104a9dafc3a9580faae6a8c456 .av-subheading{\nfont-size:15px;\n}\n<\/style>\n<div  class='av-special-heading av-mkzgy13i-af5bd4104a9dafc3a9580faae6a8c456 av-special-heading-h3  avia-builder-el-3  el_after_av_hr  el_before_av_table '><h3 class='av-special-heading-tag '  itemprop=\"headline\"  >300.000\u20ba &#8211; 400.000\u20ba Al\u0131m Anla\u015fmas\u0131 (KDV Dahil)<\/h3><div class=\"special-heading-border\"><div class=\"special-heading-inner-border\"><\/div><\/div><\/div>\n<div  class='avia-table av-av_table-7a9a0e158fcc6df500be32f1d2023605 main_color avia-pricing-table-container avia_pricing_default  avia-builder-el-4  el_after_av_heading  el_before_av_hr  avia-table-2'  itemscope=\"itemscope\" itemtype=\"https:\/\/schema.org\/Table\" ><div class=\"pricing-table-wrap\"><ul class='pricing-table '><li class='avia-heading-row'><div class='first-table-item'>Kademeler<\/div><span class='pricing-extra'><\/span><\/li><li class=''>1. Kademe<\/li><li class=''>2. Kademe<\/li><li class=''>3. Kademe<\/li><\/ul><\/div><div class=\"pricing-table-wrap\"><ul class='pricing-table '><li class='avia-heading-row'><div class='first-table-item'>Vadeli 90<\/div><span class='pricing-extra'><\/span><\/li><li class=''>%3<\/li><li class=''>%1,5<\/li><li class=''>%0,5<\/li><\/ul><\/div><div class=\"pricing-table-wrap\"><ul class='pricing-table '><li class='avia-heading-row'><div class='first-table-item'>Vadeli 60<\/div><span class='pricing-extra'><\/span><\/li><li class=''>%1<\/li><li class=''>&#8211;<\/li><li class=''>&#8211;<\/li><\/ul><\/div><\/div>\n<div  class='hr av-av_hr-bca31578670ae9d408d6d6d291fc57a6 hr-default  avia-builder-el-5  el_after_av_table  el_before_av_heading '><span class='hr-inner '><span class=\"hr-inner-style\"><\/span><\/span><\/div>\n\n<style type=\"text\/css\" data-created_by=\"avia_inline_auto\" id=\"style-css-av-mkzgz63v-4e9e2e39e6446e1781bb2595292297d1\">\n#top .av-special-heading.av-mkzgz63v-4e9e2e39e6446e1781bb2595292297d1{\npadding-bottom:10px;\n}\nbody .av-special-heading.av-mkzgz63v-4e9e2e39e6446e1781bb2595292297d1 .av-special-heading-tag .heading-char{\nfont-size:25px;\n}\n.av-special-heading.av-mkzgz63v-4e9e2e39e6446e1781bb2595292297d1 .av-subheading{\nfont-size:15px;\n}\n<\/style>\n<div  class='av-special-heading av-mkzgz63v-4e9e2e39e6446e1781bb2595292297d1 av-special-heading-h3  avia-builder-el-6  el_after_av_hr  el_before_av_table '><h3 class='av-special-heading-tag '  itemprop=\"headline\"  >200.000\u20ba &#8211; 300.000\u20ba Al\u0131m Anla\u015fmas\u0131 (KDV Dahil)<\/h3><div class=\"special-heading-border\"><div class=\"special-heading-inner-border\"><\/div><\/div><\/div>\n<div  class='avia-table av-av_table-7a9a0e158fcc6df500be32f1d2023605 main_color avia-pricing-table-container avia_pricing_default  avia-builder-el-7  el_after_av_heading  avia-builder-el-last  avia-table-3'  itemscope=\"itemscope\" itemtype=\"https:\/\/schema.org\/Table\" ><div class=\"pricing-table-wrap\"><ul class='pricing-table '><li class='avia-heading-row'><div class='first-table-item'>Kademeler<\/div><span class='pricing-extra'><\/span><\/li><li class=''>1. Kademe<\/li><li class=''>2. Kademe<\/li><li class=''>3. Kademe<\/li><\/ul><\/div><div class=\"pricing-table-wrap\"><ul class='pricing-table '><li class='avia-heading-row'><div class='first-table-item'>Vadeli 90<\/div><span class='pricing-extra'><\/span><\/li><li class=''>%2<\/li><li class=''>%1,5<\/li><li class=''>%0,5<\/li><\/ul><\/div><\/div>\n","protected":false},"excerpt":{"rendered":"","protected":false},"author":1,"featured_media":0,"parent":0,"menu_order":3,"comment_status":"closed","ping_status":"closed","template":"","meta":{"footnotes":""},"class_list":["post-4519","page","type-page","status-publish","hentry"],"_links":{"self":[{"href":"https:\/\/camecza.com.tr\/index.php?rest_route=\/wp\/v2\/pages\/4519","targetHints":{"allow":["GET"]}}],"collection":[{"href":"https:\/\/camecza.com.tr\/index.php?rest_route=\/wp\/v2\/pages"}],"about":[{"href":"https:\/\/camecza.com.tr\/index.php?rest_route=\/wp\/v2\/types\/page"}],"author":[{"embeddable":true,"href":"https:\/\/camecza.com.tr\/index.php?rest_route=\/wp\/v2\/users\/1"}],"replies":[{"embeddable":true,"href":"https:\/\/camecza.com.tr\/index.php?rest_route=%2Fwp%2Fv2%2Fcomments&post=4519"}],"version-history":[{"count":175,"href":"https:\/\/camecza.com.tr\/index.php?rest_route=\/wp\/v2\/pages\/4519\/revisions"}],"predecessor-version":[{"id":4859,"href":"https:\/\/camecza.com.tr\/index.php?rest_route=\/wp\/v2\/pages\/4519\/revisions\/4859"}],"wp:attachment":[{"href":"https:\/\/camecza.com.tr\/index.php?rest_route=%2Fwp%2Fv2%2Fmedia&parent=4519"}],"curies":[{"name":"wp","href":"https:\/\/api.w.org\/{rel}","templated":true}]}}