{"id":4790,"date":"2025-10-09T06:54:18","date_gmt":"2025-10-09T06:54:18","guid":{"rendered":"https:\/\/camecza.com.tr\/?page_id=4790"},"modified":"2025-10-09T07:07:58","modified_gmt":"2025-10-09T07:07:58","slug":"calisan_aydinlatma_metni","status":"publish","type":"page","link":"https:\/\/camecza.com.tr\/?page_id=4790","title":{"rendered":"\u00c7al\u0131\u015fan Ayd\u0131nlatma Metni"},"content":{"rendered":"\n<style type=\"text\/css\" data-created_by=\"avia_inline_auto\" id=\"style-css-av-mgj2sjvu-470d97ca3f2ce407ff480d54a026f72f\">\n#top .av-special-heading.av-mgj2sjvu-470d97ca3f2ce407ff480d54a026f72f{\npadding-bottom:10px;\n}\nbody .av-special-heading.av-mgj2sjvu-470d97ca3f2ce407ff480d54a026f72f .av-special-heading-tag .heading-char{\nfont-size:25px;\n}\n.av-special-heading.av-mgj2sjvu-470d97ca3f2ce407ff480d54a026f72f .av-subheading{\nfont-size:15px;\n}\n<\/style>\n<div  class='av-special-heading av-mgj2sjvu-470d97ca3f2ce407ff480d54a026f72f av-special-heading-h3  avia-builder-el-0  el_before_av_textblock  avia-builder-el-first '><h3 class='av-special-heading-tag '  itemprop=\"headline\"  >\u00c7al\u0131\u015fan Ayd\u0131nlatma Metni<\/h3><div class=\"special-heading-border\"><div class=\"special-heading-inner-border\"><\/div><\/div><\/div>\n<section  class='av_textblock_section av-kgi0ma63-88e81fcb949ab1150cfef2febcb18841 '   itemscope=\"itemscope\" itemtype=\"https:\/\/schema.org\/CreativeWork\" ><div class='avia_textblock'  itemprop=\"text\" ><p>Veri Sorumlusu; \u00c7am Ecza Deposu Sa\u011fl\u0131k ve E\u011fitim Hizmetleri Nakliye \u0130n\u015faat Sanayi Ticaret Anonim \u015eirketi (Adres: Orta Mahalle Atabey Sokak No:2\/1 Bayrampa\u015fa \u0130STANBUL, Tel: (0850) 255 01 98, Faks: (0212) 674 25 50, Websitesi: www.camecza.com.tr\/kvkk, Email: kvkk@camecza.com, Mersis No: 0228002555700017) taraf\u0131ndan, 6698 Say\u0131l\u0131 Ki\u015fisel Verilerin Korunmas\u0131 Kanun\u2019u (Bundan sonra \u201cKVKK\u201d olarak ifade edilecektir.) ile Ayd\u0131nlatma Y\u00fck\u00fcml\u00fcl\u00fc\u011f\u00fcn\u00fcn Yerine Getirilmesinde Uyulacak Usul ve Esaslar Hakk\u0131nda Tebli\u011f (Bundan sonra \u201cTebli\u011f\u201d olarak belirtilecektir.) uyar\u0131nca \u00e7al\u0131\u015fanlar\u0131n kurumumuz ile ili\u015fkilerinde ki\u015fisel verilerinin korunmas\u0131nda izlenecek usul ve esaslar hakk\u0131nda bilgilendirme amac\u0131yla i\u015fbu ayd\u0131nlatma metni d\u00fczenlenerek ilan edilmi\u015ftir.<\/p>\n<p><strong>KVKK Madde 10:<\/strong>\u00a0\u201cKi\u015fisel verilerin elde edilmesi s\u0131ras\u0131nda veri sorumlusu veya yetkilendirdi\u011fi ki\u015fi, ilgili ki\u015filere; Veri sorumlusunun ve varsa temsilcisinin kimli\u011fi, Ki\u015fisel verilerin hangi ama\u00e7la i\u015flenece\u011fi, \u0130\u015flenen ki\u015fisel verilerin kimlere ve hangi ama\u00e7la aktar\u0131labilece\u011fi, Ki\u015fisel veri toplaman\u0131n y\u00f6ntemi ve hukuki sebebi, 11&#8217;inci maddede say\u0131lan di\u011fer haklar\u0131, konusunda bilgi vermekle y\u00fck\u00fcml\u00fcd\u00fcr.\u201d<\/p>\n<p><strong>Kanunda Yer Alan Temel Tan\u0131mlar<\/strong><\/p>\n<p><strong>Ki\u015fisel Veri:<\/strong>\u00a0Kimli\u011fi belirli veya belirlenebilir ger\u00e7ek ki\u015fiye ili\u015fkin her t\u00fcrl\u00fc bilgidir.<\/p>\n<p><strong>Ki\u015fisel Verilerin \u0130\u015flenmesi:<\/strong>\u00a0Ki\u015fisel verilerin tamamen veya k\u0131smen otomatik olan ya da herhangi bir veri kay\u0131t sisteminin par\u00e7as\u0131 olmak kayd\u0131yla otomatik olmayan yollarla elde edilmesi, kaydedilmesi, depolanmas\u0131, muhafaza edilmesi, de\u011fi\u015ftirilmesi, yeniden d\u00fczenlenmesi, a\u00e7\u0131klanmas\u0131, aktar\u0131lmas\u0131, devral\u0131nmas\u0131, elde edilebilir h\u00e2le getirilmesi, s\u0131n\u0131fland\u0131r\u0131lmas\u0131 ya da kullan\u0131lmas\u0131n\u0131n engellenmesi gibi veriler \u00fczerinde ger\u00e7ekle\u015ftirilen her t\u00fcrl\u00fc i\u015flemdir.<\/p>\n<p><strong>Veri Sorumlusu:<\/strong>\u00a0Ki\u015fisel verilerin i\u015fleme ama\u00e7lar\u0131n\u0131 ve vas\u0131talar\u0131n\u0131 belirleyen, veri kay\u0131t sisteminin kurulmas\u0131ndan ve y\u00f6netilmesinden sorumlu olan ger\u00e7ek ve t\u00fczel ki\u015fidir. \u0130\u015fbu metin kapsam\u0131nda veri sorumlusu, Orta Mahalle Atabey Sokak No:2\/1 Bayrampa\u015fa \u0130STANBUL, adresinde mukim \u00c7am Ecza Deposu Sa\u011fl\u0131k ve E\u011fitim Hizmetleri Nakliye \u0130n\u015faat Sanayi Ticaret Anonim \u015eirketi\u2019dir.<\/p>\n<p><strong>Veri kay\u0131t sistemi (VERB\u0130S):<\/strong>\u00a0Ki\u015fisel verilerin belirli kriterlere g\u00f6re yap\u0131land\u0131r\u0131larak i\u015flendi\u011fi kay\u0131t sistemidir.<\/p>\n<p><strong>A\u00e7\u0131k R\u0131za:<\/strong>\u00a0Belirli bir konuya ili\u015fkin, bilgilendirilmeye dayanan ve \u00f6zg\u00fcr iradeyle a\u00e7\u0131klanan r\u0131zad\u0131r.<\/p>\n<p><strong>Kurul:<\/strong>\u00a0Ki\u015fisel Verileri Koruma Kurulu\u2019nu ifade eder.<\/p>\n<p><strong>\u00c7al\u0131\u015fanlara \u0130li\u015fkin Ki\u015fisel Veriler<\/strong><\/p>\n<p>Kurumumuzca, \u00e7al\u0131\u015fanlara ili\u015fkin ki\u015fisel veriler i\u015fbu metinde belirtilen ama\u00e7lar ve i\u015fleme \u015fartlar\u0131 do\u011frultusunda i\u015flenebilmektedir. \u0130\u015flemeye konu ki\u015fisel veriler \u015funlard\u0131r:<\/p>\n<ul>\n<li><strong>Kimlik Verileri:\u00a0<\/strong>Ad, soyad, anne-baba ad\u0131, do\u011fum tarihi, T.C. kimlik no, cinsiyet, medeni hal, n\u00fcfus c\u00fczdan seris\u0131ra no, uyruk bilgisi, pasaport bilgileri, g\u00f6rev ve unvan bilgisi, aile yak\u0131nlar\u0131 bilgisi.<\/li>\n<li><strong>\u0130leti\u015fim Verileri:\u00a0<\/strong>Telefon numaras\u0131, e-posta adresi, adres bilgisi, \u015firket i\u00e7i ileti\u015fim bilgileri (\u015firket telefon numaras\u0131, d\u00e2hili telefon numaras\u0131, kurumsal e-posta adresi, kay\u0131tl\u0131 e-posta adresi).<\/li>\n<li><strong>Finansal Veriler:\u00a0<\/strong>Banka IBAN numaras\u0131, bordrolar, icra takip dosyalar\u0131na ili\u015fkin dosya ve bor\u00e7 bilgileri.<\/li>\n<li><strong>Mesleki Deneyim Verileri:\u00a0<\/strong>E\u011fitim durumu, meslek i\u00e7i e\u011fitim bilgileri, sertifika ve diploma bilgileri, dil bilgileri, gidilen kurslar, e\u011fitim ve beceriler, i\u015f tecr\u00fcbesi, transkript bilgileri.<\/li>\n<li><strong>G\u00f6rsel ve \u0130\u015fitsel Veriler:\u00a0<\/strong>Ger\u00e7ek ki\u015fiye ait foto\u011fraf, kamera kay\u0131tlar\u0131.<\/li>\n<li><strong>\u00d6zl\u00fck Verileri:\u00a0<\/strong>Bordro bilgileri, disiplin soru\u015fturmas\u0131, i\u015fe giri\u015f-\u00e7\u0131k\u0131\u015f kay\u0131tlar\u0131, \u00f6zge\u00e7mi\u015f bilgileri, performans de\u011ferlendirme raporlar\u0131, sigorta bilgisi, adli sicil kayd\u0131, izin \u00e7\u0131k\u0131\u015f ve izinden d\u00f6n\u00fc\u015f tarihi, askerlik durum bilgileri, departman ve birimi.<\/li>\n<li><strong>Sa\u011fl\u0131k Verileri:\u00a0<\/strong>Sa\u011fl\u0131k raporu, kan grubu, ki\u015fisel sa\u011fl\u0131k bilgileri, sa\u011fl\u0131k ve do\u011fum izni belgeleri, engellilik durumuna ait bilgiler, kullan\u0131lan cihaz ve protez bilgileri.<\/li>\n<li><strong>Di\u011fer Veriler:\u00a0<\/strong>Kurumsal bilgisayarlarda ip adresi bilgileri, kurumsal bilgisayarlarda internet sitesi giri\u015f- \u00e7\u0131k\u0131\u015f kay\u0131tlar\u0131, ara\u00e7 plakas\u0131, konaklama ve seyahat bilgileri, el yaz\u0131 ve imza, talep \u2013 \u015fikayet bilgileri.<\/li>\n<\/ul>\n<p><strong>\u00c7am Ecza Deposu Sa\u011fl\u0131k ve E\u011fitim Hizmetleri Nakliye \u0130n\u015faat Sanayi Ticaret Anonim \u015eirketi\u2019nin Ki\u015fisel Verileri \u0130\u015fleme Amac\u0131<\/strong><\/p>\n<p>KVKK\u2019n\u0131n 10. maddesi ve Tebli\u011f\u2019in 5. maddesi kapsam\u0131nda KVKK\u2019n\u0131n 4. maddesinde belirtilen i\u015fleme \u015fartlar\u0131na uygun olarak \u00e7al\u0131\u015fanlar\u0131n ki\u015fisel verileri \u015fu ama\u00e7larla i\u015flenebilmektedir:<\/p>\n<ul>\n<li>Hizmet s\u00f6zle\u015fmesine ba\u011fl\u0131 olarak; hizmet y\u00fck\u00fcml\u00fcl\u00fcklerinin yerine getirilmesi, i\u015fveren sorumluluklar\u0131n\u0131n yerine getirilmesi, i\u015f g\u00fcvenli\u011finin temini, i\u015fin y\u00f6netimi, denetimi ve ifas\u0131,<\/li>\n<li>\u0130\u015f S\u00fcre\u00e7lerinin \u0130yile\u015ftirilmesine y\u00f6nelik \u00f6nerilerin al\u0131nmas\u0131 ve de\u011ferlendirilmesi,<\/li>\n<li>Hizmet \u015fartlar\u0131m\u0131zda meydana gelebilecek de\u011fi\u015fiklikler hakk\u0131nda bilgilendirme yap\u0131lmas\u0131,<\/li>\n<li>\u00c7al\u0131\u015fanlar\u0131n \u015fikayetlerinin \u00e7\u00f6z\u00fclmesi ve veri eri\u015fim veya d\u00fczeltme taleplerinin i\u015fleme al\u0131nmas\u0131,<\/li>\n<li>Yabanc\u0131 personel \u00e7al\u0131\u015fma ve oturma izin i\u015flemlerinin y\u00fcr\u00fct\u00fclmesi,<\/li>\n<li>Elektronik (internet\/mobil vs.) veya fiziki ortamda i\u015fleme dayanak olacak t\u00fcm kay\u0131t ve belgelerin d\u00fczenlenmesi,<\/li>\n<li>\u0130\u015f Kanunu ve di\u011fer t\u00fcm mevzuatlar kapsam\u0131nda s\u00f6zle\u015fme s\u00fcre\u00e7lerinin y\u00fcr\u00fct\u00fclmesi,<\/li>\n<li>Kamu g\u00fcvenli\u011fine ili\u015fkin hususlarda talep halinde ve mevzuat gere\u011fi kamu g\u00f6revlilerine bilgi verilebilmesi,<\/li>\n<li>Yasal y\u00fck\u00fcml\u00fcl\u00fcklerin yerine getirilebilmesi ve y\u00fcr\u00fcrl\u00fckteki mevzuattan do\u011fan haklar\u0131n kullan\u0131labilmesi,<\/li>\n<li>Adli ve idari soru\u015fturmalar kapsam\u0131nda ilgili makam\u0131n talep etmesi ve cevap verilmesinin zorunlu olmas\u0131 halinde yasal y\u00fck\u00fcml\u00fcl\u00fc\u011f\u00fcn yerine getirilebilmesi,<\/li>\n<li>\u00c7al\u0131\u015fan adaylar\u0131n\u0131n ba\u015fvuru s\u00fcre\u00e7lerinin y\u00fcr\u00fct\u00fclmesi,<\/li>\n<li>\u00c7al\u0131\u015fanlar i\u00e7in yan haklar ve menfaat s\u00fcre\u00e7lerinin y\u00fcr\u00fct\u00fclmesi,<\/li>\n<li>\u00c7al\u0131\u015fanlar i\u00e7in i\u015f akdi ve mevzuattan kaynakl\u0131 y\u00fck\u00fcml\u00fcl\u00fcklerin yerine getirilmesi,<\/li>\n<li>\u00c7al\u0131\u015fan memnuniyetine y\u00f6nelik e\u011fitim faaliyetlerinin y\u00fcr\u00fct\u00fclmesi,<\/li>\n<li>\u00c7al\u0131\u015fanlara e\u011fitim verilmesine y\u00f6nelik faaliyetlerin y\u00fcr\u00fct\u00fclmesi,<\/li>\n<li>\u0130\u015f faaliyetlerinin y\u00fcr\u00fct\u00fclmesi,<\/li>\n<li>\u0130\u015f sa\u011fl\u0131\u011f\u0131 ve g\u00fcvenli\u011fi faaliyetlerinin y\u00fcr\u00fct\u00fclmesi,<\/li>\n<li>G\u00f6revlendirme s\u00fcre\u00e7lerinin y\u00fcr\u00fct\u00fclmesi,<\/li>\n<li>\u0130\u00e7 denetim faaliyetlerinin y\u00fcr\u00fct\u00fclmesi,<\/li>\n<li>Performans de\u011ferlendirme s\u00fcre\u00e7lerinin y\u00fcr\u00fct\u00fclmesi,<\/li>\n<li>Yetkili ki\u015fi, kurum ve kurulu\u015flara bilgi verilmesi,<\/li>\n<li>Acil durum y\u00f6netimi s\u00fcre\u00e7lerinin y\u00fcr\u00fct\u00fclmesi,<\/li>\n<li>\u0130leti\u015fim faaliyetlerinin y\u00fcr\u00fct\u00fclmesi,<\/li>\n<li>Muhasebe ve finans i\u015flerinin y\u00fcr\u00fct\u00fclmesi,<\/li>\n<li>Organizasyon ve etkinlik y\u00f6netimi,<\/li>\n<li>Bilgi g\u00fcvenli\u011fi s\u00fcre\u00e7lerinin y\u00fcr\u00fct\u00fclmesi,<\/li>\n<li>Saklama ve ar\u015fiv faaliyetlerinin y\u00fcr\u00fct\u00fclmesi,<\/li>\n<li>Fiziksel mek\u00e2n g\u00fcvenli\u011finin temini.<\/li>\n<\/ul>\n<p><strong>Ki\u015fisel Veri Toplaman\u0131n Y\u00f6ntemi ve Hukuki Sebebi<\/strong><\/p>\n<p>Ki\u015fisel veriler, hukuki ili\u015fki kurulmas\u0131 s\u0131ras\u0131nda do\u011frudan ilgili ki\u015fiden, \u00fc\u00e7\u00fcnc\u00fc ki\u015filerden ve yasal mercilerden elde edilebilecektir. Bu kapsamda ki\u015fisel veriler; elektronik posta, ba\u015fvuru formlar\u0131 gibi ara\u00e7lar \u00fczerinden ve yaz\u0131l\u0131 veya s\u00f6zl\u00fc ileti\u015fim kanallar\u0131 arac\u0131l\u0131\u011f\u0131yla s\u00f6zl\u00fc, yaz\u0131l\u0131 veya elektronik ortamlardan toplanabilmektedir. \u0130\u015f ve Sosyal G\u00fcvenlik Kanunlar\u0131 ba\u015fta olmak \u00fczere mevzuatlar uyar\u0131nca i\u015fverenlerin i\u015f s\u00f6zle\u015fmesi ve kanunlardan do\u011fan y\u00fck\u00fcml\u00fcl\u00fcklerini eksiksiz ve do\u011fru \u015fekilde yerine getirilmesi i\u00e7in ki\u015fisel veriler toplanabilmektedir.<\/p>\n<p>KVKK\u2019n\u0131n 5. maddesinde yer alan h\u00fck\u00fcm uyar\u0131nca ki\u015fisel veriler ilgili ki\u015finin a\u00e7\u0131k r\u0131zas\u0131 olmaks\u0131z\u0131n i\u015flenemez. Kanun istisna olarak a\u00e7\u0131k r\u0131za aranmayacak halleri belirtmi\u015ftir. Kanunda a\u00e7\u0131k h\u00fck\u00fcm bulunmas\u0131, bir s\u00f6zle\u015fmenin kurulmas\u0131 veya ifas\u0131yla do\u011frudan do\u011fruya ilgili olmas\u0131 kayd\u0131yla, s\u00f6zle\u015fmenin taraflar\u0131na ait ki\u015fisel verilerin i\u015flenmesinin gerekli olmas\u0131, \u015firketin hukuki y\u00fck\u00fcml\u00fcl\u00fc\u011f\u00fcn\u00fc yerine getirebilmesi i\u00e7in zorunlu olmas\u0131, ilgili ki\u015finin kendisi taraf\u0131ndan alenile\u015ftirilmi\u015f olmas\u0131, bir hakk\u0131n tesisi, kullan\u0131lmas\u0131 veya korunmas\u0131 i\u00e7in veri i\u015flemenin zorunlu olmas\u0131, ilgili ki\u015finin temel hak ve \u00f6zg\u00fcrl\u00fcklerine zarar vermemek kayd\u0131yla, veri sorumlusunun me\u015fru menfaatleri i\u00e7in veri i\u015flenmesinin zorunlu olmas\u0131 durumunda a\u00e7\u0131k r\u0131za aranmaks\u0131z\u0131n ki\u015fisel veriler \u015firketimiz taraf\u0131ndan i\u015flenebilecektir.<\/p>\n<p>\u00c7am Ecza DEposu Sa\u011fl\u0131k ve E\u011fitim Hizmetleri Nakliye \u0130n\u015faat Sanayi Ticaret Anonim \u015eirketi\u2019nin faaliyetlerini s\u00fcrd\u00fcrebilmesi i\u00e7in KVKK\u2019n\u0131n 5 ve 6. maddelerinde belirtilen ki\u015fisel verileri i\u015fleme \u015fartlar\u0131 ve ama\u00e7lar\u0131 kapsam\u0131nda ve ilgili sair mevzuat taraf\u0131ndan \u00f6ng\u00f6r\u00fclen esas ve usuller do\u011frultusunda i\u015fbu Ayd\u0131nlatma Metni\u2019nde belirtilen ama\u00e7lar\u0131n sa\u011flanmas\u0131 ve hukuki y\u00fck\u00fcml\u00fcl\u00fcklerin yerine getirilebilmesi i\u00e7in yukar\u0131da belirtilen hukuki sebeplerle i\u015flenebilmektedir.<\/p>\n<p><strong>Ki\u015fisel Verilerin Kimlere Ve Hangi Ama\u00e7la Aktar\u0131labilece\u011fi<\/strong><\/p>\n<p>\u00c7al\u0131\u015fanlar\u0131n ki\u015fisel verileri, Kanun\u2019un 8. ve 9. maddesinde belirtilen veri aktarma ve i\u015fleme \u015fartlar\u0131 ile yukar\u0131da say\u0131lan ama\u00e7lar\u0131n ger\u00e7ekle\u015ftirilmesini sa\u011flamak amac\u0131 ile mevzuatta belirlenen g\u00fcvenlik ve gizlilik esaslar\u0131 uyar\u0131nca yeterli ve etkili \u00f6nlemler al\u0131nmak kayd\u0131yla; tedarik\u00e7ilerle, hissedarlarla, yetkili sat\u0131c\u0131larla, hizmet al\u0131nan \u00f6zel hukuk ki\u015fileriyle (g\u00fcvenlik, e\u011fitim, denetim, etkinlik ve organizasyon, sa\u011fl\u0131k, i\u015f g\u00fcvenli\u011fi, hukuk vb. konularda), ba\u011f\u0131ms\u0131z denetim kurulu\u015flar\u0131yla, finans kurulu\u015flar\u0131yla, direkt ve dolayl\u0131 i\u015ftirakler ba\u015fta olmak \u00fczere yurt i\u00e7indeki ve yurt d\u0131\u015f\u0131ndaki i\u015f ortaklar\u0131yla, yurti\u00e7inde ve yurtd\u0131\u015f\u0131nda bulunan depolama, ar\u015fivleme, bili\u015fim teknolojileri deste\u011fi al\u0131nan firmalarla (sunucu, hosting, program, bulut bili\u015fim), hukuken yetkili kamu kurumlar\u0131 ve \u00f6zel hukuk ki\u015fileriyle payla\u015f\u0131labilecek ve yurt d\u0131\u015f\u0131na aktar\u0131labilecektir.<\/p>\n<p><strong>Ki\u015fisel Verilerin Saklanma S\u00fcresi<\/strong><\/p>\n<p>KVKK h\u00fck\u00fcmlerine uygun olarak, i\u015f bu \u201cKi\u015fisel Verilerin \u0130\u015flenmesine \u0130li\u015fkin Ayd\u0131nlatma Metni\u201d nde belirtilen ama\u00e7larla i\u015flenmi\u015f olan ki\u015fisel verileriniz, KVKK madde 7\/f.1.\u2019e g\u00f6re i\u015flenmesi gerektiren ama\u00e7 ortadan kalkt\u0131\u011f\u0131nda ve\/veya mevzuat uyar\u0131nca verilerinizi i\u015flememiz i\u00e7in zorunlu k\u0131l\u0131nd\u0131\u011f\u0131m\u0131z zaman a\u015f\u0131m\u0131 s\u00fcreleri doldu\u011funda, Ki\u015fisel Verileri Saklama ve \u0130mha Politikas\u0131 g\u00f6z \u00f6n\u00fcne al\u0131narak ki\u015fisel verileriniz taraf\u0131m\u0131zca silinecek, yok edilecek veya anonimle\u015ftirilerek kullan\u0131lmaya devam edilecektir.<\/p>\n<p><strong>\u0130lgili Ki\u015finin Haklar\u0131<\/strong><\/p>\n<p>\u0130lgili ki\u015fi, ki\u015fisel verilerinin i\u015flenip i\u015flenmedi\u011fini \u00f6\u011frenme, ki\u015fisel verileri i\u015flenmi\u015fse buna ili\u015fkin bilgi talep etme, ki\u015fisel verilerin i\u015flenme amac\u0131n\u0131 ve bunlar\u0131n amac\u0131na uygun kullan\u0131l\u0131p kullan\u0131lmad\u0131\u011f\u0131n\u0131 \u00f6\u011frenme, yurt i\u00e7inde veya yurt d\u0131\u015f\u0131nda ki\u015fisel verilerin aktar\u0131ld\u0131\u011f\u0131 \u00fc\u00e7\u00fcnc\u00fc ki\u015fileri bilme, ki\u015fisel verilerin eksik veya yanl\u0131\u015f i\u015flenmi\u015f olmas\u0131 h\u00e2linde bunlar\u0131n d\u00fczeltilmesini isteme, KVKK ve ilgili di\u011fer kanun h\u00fck\u00fcmlerine uygun olarak i\u015flenmi\u015f olmas\u0131na ra\u011fmen, i\u015flenmesini gerektiren sebeplerin ortadan kalkmas\u0131 h\u00e2linde ki\u015fisel verilerin silinmesini veya yok edilmesini isteme, kurumumuzca talebe ba\u011fl\u0131 olarak ki\u015fisel verilerin silinmesi, yok edilmesi ya da d\u00fczeltilmesi halinde aktar\u0131lan \u00fc\u00e7\u00fcnc\u00fc ki\u015filere bildirilmesini isteme, i\u015flenen verilerin m\u00fcnhas\u0131ran otomatik sistemler vas\u0131tas\u0131yla analiz edilmesi suretiyle ki\u015finin kendisi aleyhine bir sonucun ortaya \u00e7\u0131kmas\u0131na itiraz etme, ki\u015fisel verilerin kanuna ayk\u0131r\u0131 olarak i\u015flenmesi sebebiyle zarara u\u011framas\u0131 h\u00e2linde zarar\u0131n giderilmesini talep etme, haklar\u0131na sahiptir.<\/p>\n<p><strong>Ba\u015fvuru Hakk\u0131n\u0131n \u0130stisnalar\u0131<\/strong><\/p>\n<p>Kanun\u2019un 28\/2 h\u00fckm\u00fc uyar\u0131nca, a\u015fa\u011f\u0131daki hallerde zarar\u0131n giderilmesini talep etme hakk\u0131 hari\u00e7 olmak \u00fczere, ilgili ki\u015filerin Kanun\u2019un 11. maddesinde belirtilen haklardan yararlanmalar\u0131 m\u00fcmk\u00fcn olmayacakt\u0131r.<\/p>\n<ul>\n<li>Ki\u015fisel veri i\u015flemenin su\u00e7 i\u015flenmesinin \u00f6nlenmesi veya su\u00e7 soru\u015fturmas\u0131 i\u00e7in gerekli olmas\u0131,<\/li>\n<li>\u0130lgili ki\u015finin kendisi taraf\u0131ndan alenile\u015ftirilmi\u015f ki\u015fisel verilerin i\u015flenmesi.<\/li>\n<\/ul>\n<p><strong>Ba\u015fvuru Y\u00f6ntemi ve Formu<\/strong><\/p>\n<p>\u0130lgili ki\u015fi, yukar\u0131da say\u0131lan haklar\u0131na ili\u015fkin taleplerini Veri Sorumlusuna Ba\u015fvuru Usul ve Esaslar\u0131 Hakk\u0131nda Tebli\u011f\u2019de \u00f6ng\u00f6r\u00fclen ba\u015fvuru usullerine uygun olarak \u00c7am Ecza&#8217;ya\u00a0ba\u015fvurabilir.<\/p>\n<p>6698 Say\u0131l\u0131 Ki\u015fisel Verilerin Korunmas\u0131 Kanunu 11. Maddesinde say\u0131lan haklar kapsam\u0131ndaki talepler, KVKK\u2019n\u0131n 13. Maddesi ile Veri Sorumlusuna Ba\u015fvuru Usul ve Esaslar\u0131 Hakk\u0131nda Tebli\u011f\u2019in 5. Maddesi gere\u011fince,\u00a0<a href=\"https:\/\/www.wurth.com.tr\/tr\/wuerth_tr\/about\/kvkk\/calisan_aydinlatma_metni\/www.wurth.com.tr\/kvkk\">www.camecza.com\/kvkk<\/a>\u00a0adresindeki formun doldurulmas\u0131 suretiyle a\u015fa\u011f\u0131da a\u00e7\u0131klanan y\u00f6ntemlerden biri ile ba\u015fvurulabilecektir.<\/p>\n<p>\u015eirkete iletilen ba\u015fvurular, KVKK\u2019n\u0131n 13\/2 maddesi gere\u011fince, talebin niteli\u011fine g\u00f6re, talebin \u015eirkete ula\u015ft\u0131\u011f\u0131 tarihten itibaren 30 g\u00fcn i\u00e7inde cevapland\u0131r\u0131lacakt\u0131r. Ba\u015fvuruya ili\u015fkin cevaplar, KVKK\u2019n\u0131n 13. Maddesi gere\u011fince, yaz\u0131l\u0131 ve elektronik ortamdan ba\u015fvuru sahibine ula\u015ft\u0131r\u0131lacakt\u0131r.<\/p>\n<table border=\"1\" cellspacing=\"0\" cellpadding=\"1\" align=\"center\">\n<tbody>\n<tr>\n<td><\/td>\n<td>Ba\u015fvuru Y\u00f6ntemi<\/td>\n<td>Ba\u015fvuru Yap\u0131lacak Adres<\/td>\n<td>Ba\u015fvuruda Yer Almas\u0131 Gereken Bilgiler<\/td>\n<\/tr>\n<tr>\n<td>1. Yaz\u0131l\u0131 Olarak Ba\u015fvuru<\/td>\n<td>Islak imzal\u0131 \u015fahsen ba\u015fvuru veya noter vas\u0131tas\u0131yla<\/td>\n<td>Orta Mahalle Atabey Sokak No:2\/1 Bayrampa\u015fa \u0130STANBUL<\/td>\n<td>Zarf\u0131n\/tebligat\u0131n \u00fczerine \u201cKi\u015fisel Verilerin Korunmas\u0131 Kanunu Kapsam\u0131nda Bilgi Talebi\u201d yaz\u0131lacakt\u0131r.<\/td>\n<\/tr>\n<tr>\n<td>2. Kay\u0131tl\u0131 Elektronik Posta (KEP) adresi ile<\/td>\n<td>Kay\u0131tl\u0131 Elektronik Posta (KEP) adresi ile<\/td>\n<td>cameczadeposu@hs01.kep.tr<\/td>\n<td>\u00c7am Ecza sisteminde kay\u0131tl\u0131 bulunan elektronik posta adresi kullan\u0131lmak suretiyle<\/td>\n<\/tr>\n<tr>\n<td>3. \u015eirket Sisteminde Bulunan Elektronik Posta Adresi ile Ba\u015fvuru<\/td>\n<td>\u00c7am Ecza Deposu sisteminde kay\u0131tl\u0131 bulunan elektronik posta adresi kullan\u0131lmak suretiyle<\/td>\n<td>kvkk@camecza.com<\/td>\n<td>E-postan\u0131n konu k\u0131sm\u0131na \u201cKi\u015fisel Verilerin Korunmas\u0131 Kanunu Bilgi Talebi\u201d yaz\u0131lacakt\u0131r.<\/td>\n<\/tr>\n<tr>\n<td>4. \u015eirket Sisteminde Bulunmayan Elektronik Posta Adresi ile Ba\u015fvuru<\/td>\n<td>Mobil imza\/e-imza i\u00e7erecek bi\u00e7imde \u00c7am Ecza Deposu sisteminde bulunmayan elektronik posta adresi kullanmak suretiyle<\/td>\n<td>kvkk@camecza.com<\/td>\n<td>E-postan\u0131n konu k\u0131sm\u0131na \u201cKi\u015fisel Verilerin Korunmas\u0131 Kanunu Bilgi Talebi\u201d yaz\u0131lacakt\u0131r.<\/td>\n<\/tr>\n<\/tbody>\n<\/table>\n<p>Talebin kabul edilmesi ya da gerek\u00e7esinin a\u00e7\u0131klanarak reddedilmesi halinde cevap, talep sahibine elektronik ortamda ya da yaz\u0131l\u0131 olarak bildirilecektir. Ba\u015fvuruda yer alan talebin kabul edilmesi halinde firmam\u0131zca gecikmeksizin gere\u011fi yap\u0131lacakt\u0131r.<\/p>\n<p><strong>Veri Sorumlusuna Ba\u015fvuru Usul ve Esaslar\u0131 Hakk\u0131nda Tebli\u011f Md. 7<\/strong><\/p>\n<p><strong>\u00dccret:<\/strong>\u00a0Ba\u015fvuruya yaz\u0131l\u0131 olarak cevap verilmesi durumunda, 10 sayfaya kadar \u00fccret al\u0131nmayacak olup 10 sayfan\u0131n \u00fczerindeki her sayfa i\u00e7in 1 T\u00fcrk Liras\u0131 i\u015flem \u00fccreti al\u0131nabilecektir. Ba\u015fvuruya cevab\u0131n CD, flash bellek gibi bir kay\u0131t ortam\u0131nda verilmesi halinde ise kay\u0131t ortam\u0131n\u0131n maliyeti tutar\u0131nda bir \u00fccret talep edilebilecektir.<\/p>\n<\/div><\/section>\n","protected":false},"excerpt":{"rendered":"","protected":false},"author":1,"featured_media":0,"parent":0,"menu_order":0,"comment_status":"closed","ping_status":"closed","template":"","meta":{"footnotes":""},"class_list":["post-4790","page","type-page","status-publish","hentry"],"_links":{"self":[{"href":"https:\/\/camecza.com.tr\/index.php?rest_route=\/wp\/v2\/pages\/4790","targetHints":{"allow":["GET"]}}],"collection":[{"href":"https:\/\/camecza.com.tr\/index.php?rest_route=\/wp\/v2\/pages"}],"about":[{"href":"https:\/\/camecza.com.tr\/index.php?rest_route=\/wp\/v2\/types\/page"}],"author":[{"embeddable":true,"href":"https:\/\/camecza.com.tr\/index.php?rest_route=\/wp\/v2\/users\/1"}],"replies":[{"embeddable":true,"href":"https:\/\/camecza.com.tr\/index.php?rest_route=%2Fwp%2Fv2%2Fcomments&post=4790"}],"version-history":[{"count":3,"href":"https:\/\/camecza.com.tr\/index.php?rest_route=\/wp\/v2\/pages\/4790\/revisions"}],"predecessor-version":[{"id":4827,"href":"https:\/\/camecza.com.tr\/index.php?rest_route=\/wp\/v2\/pages\/4790\/revisions\/4827"}],"wp:attachment":[{"href":"https:\/\/camecza.com.tr\/index.php?rest_route=%2Fwp%2Fv2%2Fmedia&parent=4790"}],"curies":[{"name":"wp","href":"https:\/\/api.w.org\/{rel}","templated":true}]}}