{"id":4794,"date":"2025-10-09T06:55:52","date_gmt":"2025-10-09T06:55:52","guid":{"rendered":"https:\/\/camecza.com.tr\/?page_id=4794"},"modified":"2025-10-09T07:10:20","modified_gmt":"2025-10-09T07:10:20","slug":"tedarikci_aydinlatma_metni","status":"publish","type":"page","link":"https:\/\/camecza.com.tr\/?page_id=4794","title":{"rendered":"Tedarik\u00e7i Ayd\u0131nlatma Metni"},"content":{"rendered":"\n<style type=\"text\/css\" data-created_by=\"avia_inline_auto\" id=\"style-css-av-mgj2vlc3-99a5b4286a6cecf89338cbfe1cc76faf\">\n#top .av-special-heading.av-mgj2vlc3-99a5b4286a6cecf89338cbfe1cc76faf{\npadding-bottom:10px;\n}\nbody .av-special-heading.av-mgj2vlc3-99a5b4286a6cecf89338cbfe1cc76faf .av-special-heading-tag .heading-char{\nfont-size:25px;\n}\n.av-special-heading.av-mgj2vlc3-99a5b4286a6cecf89338cbfe1cc76faf .av-subheading{\nfont-size:15px;\n}\n<\/style>\n<div  class='av-special-heading av-mgj2vlc3-99a5b4286a6cecf89338cbfe1cc76faf av-special-heading-h3  avia-builder-el-0  el_before_av_textblock  avia-builder-el-first '><h3 class='av-special-heading-tag '  itemprop=\"headline\"  >Tedarik\u00e7i Ayd\u0131nlatma Metni<\/h3><div class=\"special-heading-border\"><div class=\"special-heading-inner-border\"><\/div><\/div><\/div>\n<section  class='av_textblock_section av-kgi0ma63-88e81fcb949ab1150cfef2febcb18841 '   itemscope=\"itemscope\" itemtype=\"https:\/\/schema.org\/CreativeWork\" ><div class='avia_textblock'  itemprop=\"text\" ><p>Veri Sorumlusu; \u00c7am Ecza Deposu Sa\u011fl\u0131k ve E\u011fitim Hizmetleri Nakliye \u0130n\u015faat Sanayi Ticaret Anonim \u015eirketi (Adres: Orta Mahalle Atabey Sokak No:2\/1 Bayrampa\u015fa \u0130STANBUL, Tel: (0850) 255 01 98, Faks: (0212) 674 25 50, Websitesi: www.camecza.com.tr\/kvkk, Email: kvkk@camecza.com, Mersis No: 0228002555700017) taraf\u0131ndan, 6698 Say\u0131l\u0131 Ki\u015fisel Verilerin Korunmas\u0131 Kanun\u2019u (Bundan sonra \u201cKVKK\u201d olarak ifade edilecektir.) ile Ayd\u0131nlatma Y\u00fck\u00fcml\u00fcl\u00fc\u011f\u00fcn\u00fcn Yerine Getirilmesinde Uyulacak Usul ve Esaslar Hakk\u0131nda Tebli\u011f (Bundan sonra \u201cTebli\u011f\u201d olarak belirtilecektir.) uyar\u0131nca tedarik\u00e7ilerimizin kurumumuz ile ili\u015fkilerinde ki\u015fisel verilerinin korunmas\u0131nda izlenecek usul ve esaslar hakk\u0131nda bilgilendirme amac\u0131yla i\u015fbu ayd\u0131nlatma metni d\u00fczenlenerek ilan edilmi\u015ftir.<\/p>\n<p><strong>KVKK Madde 10:<\/strong>\u00a0\u201cKi\u015fisel verilerin elde edilmesi s\u0131ras\u0131nda veri sorumlusu veya yetkilendirdi\u011fi ki\u015fi, ilgili ki\u015filere; Veri sorumlusunun ve varsa temsilcisinin kimli\u011fi, Ki\u015fisel verilerin hangi ama\u00e7la i\u015flenece\u011fi, \u0130\u015flenen ki\u015fisel verilerin kimlere ve hangi ama\u00e7la aktar\u0131labilece\u011fi, Ki\u015fisel veri toplaman\u0131n y\u00f6ntemi ve hukuki sebebi, 11&#8217;inci maddede say\u0131lan di\u011fer haklar\u0131, konusunda bilgi vermekle y\u00fck\u00fcml\u00fcd\u00fcr.\u201d<\/p>\n<p><strong>Kanunda Yer Alan Temel Tan\u0131mlar<\/strong><\/p>\n<p><strong>Ki\u015fisel Veri:<\/strong>\u00a0Kimli\u011fi belirli veya belirlenebilir ger\u00e7ek ki\u015fiye ili\u015fkin her t\u00fcrl\u00fc bilgidir.<\/p>\n<p><strong>Ki\u015fisel Verilerin \u0130\u015flenmesi:<\/strong>\u00a0Ki\u015fisel verilerin tamamen veya k\u0131smen otomatik olan ya da herhangi bir veri kay\u0131t sisteminin par\u00e7as\u0131 olmak kayd\u0131yla otomatik olmayan yollarla elde edilmesi, kaydedilmesi, depolanmas\u0131, muhafaza edilmesi, de\u011fi\u015ftirilmesi, yeniden d\u00fczenlenmesi, a\u00e7\u0131klanmas\u0131, aktar\u0131lmas\u0131, devral\u0131nmas\u0131, elde edilebilir h\u00e2le getirilmesi, s\u0131n\u0131fland\u0131r\u0131lmas\u0131 ya da kullan\u0131lmas\u0131n\u0131n engellenmesi gibi veriler \u00fczerinde ger\u00e7ekle\u015ftirilen her t\u00fcrl\u00fc i\u015flemdir.<\/p>\n<p><strong>Veri Sorumlusu:<\/strong>\u00a0Ki\u015fisel verilerin i\u015fleme ama\u00e7lar\u0131n\u0131 ve vas\u0131talar\u0131n\u0131 belirleyen, veri kay\u0131t sisteminin kurulmas\u0131ndan ve y\u00f6netilmesinden sorumlu olan ger\u00e7ek ve t\u00fczel ki\u015fidir. \u0130\u015fbu metin kapsam\u0131nda veri sorumlusu, Orta Mahalle Atabey Sokak No:2\/1 Bayrampa\u015fa \u0130STANBUL, adresinde mukim \u00c7am Ecza Deposu Sa\u011fl\u0131k ve E\u011fitim Hizmetleri Nakliye \u0130n\u015faat Sanayi Ticaret Anonim \u015eirketi\u2019dir.<\/p>\n<p><strong>Veri kay\u0131t sistemi (VERB\u0130S):<\/strong>\u00a0Ki\u015fisel verilerin belirli kriterlere g\u00f6re yap\u0131land\u0131r\u0131larak i\u015flendi\u011fi kay\u0131t sistemidir.<\/p>\n<p><strong>A\u00e7\u0131k R\u0131za:<\/strong>\u00a0Belirli bir konuya ili\u015fkin, bilgilendirilmeye dayanan ve \u00f6zg\u00fcr iradeyle a\u00e7\u0131klanan r\u0131zad\u0131r.<\/p>\n<p><strong>Kurul:<\/strong>\u00a0Ki\u015fisel Verileri Koruma Kurulu\u2019nu ifade eder.<\/p>\n<p>K\u0130\u015e\u0130SEL VER\u0130LER\u0130N\u0130Z\u0130N \u0130\u015eLENME AMA\u00c7LARI<\/p>\n<p>Toplanan ki\u015fisel verileriniz, Kanun\u2019da \u00f6ng\u00f6r\u00fclen temel ilkelere uygun olarak ve Kanun\u2019un 5. ve 6. maddelerinde belirtilen ki\u015fisel veri i\u015fleme \u015fartlar\u0131 dahilinde ba\u015fta tedarik\u00e7i adaylar\u0131m\u0131z\u0131n tan\u0131mlanmas\u0131, tedarik\u00e7ilerimizin i\u00e7 sistemlerimize tan\u0131mlanmas\u0131n\u0131n sa\u011flanmas\u0131, gerekli de\u011ferlendirmelerin sa\u011flanabilmesi i\u00e7in gerekli bilgi, belge ve dok\u00fcmanlar\u0131n temini, tedarik\u00e7i ili\u015fkilerinin y\u00f6netimi ve kurumsal ileti\u015fim faaliyetlerinin y\u00fcr\u00fct\u00fclmesi, i\u00e7 ve d\u0131\u015f payda\u015flarla payla\u015f\u0131lacak bas\u0131l\u0131, g\u00f6rsel veya i\u015fitsel ileti\u015fim faaliyetlerinin y\u00fcr\u00fct\u00fclmesi, tedarik\u00e7i ili\u015fkileri y\u00f6netimi s\u00fcre\u00e7lerinin y\u00fcr\u00fct\u00fclmesi, ticari ili\u015fkinin kurulmas\u0131 ve\/veya y\u00fcr\u00fct\u00fclmesi kapsam\u0131nda teklif ve s\u00f6zle\u015fmelere ili\u015fkin m\u00fczakerelerin y\u00fcr\u00fct\u00fclmesi (sat\u0131n alma, proje, i\u015f birli\u011fi veya kampanya y\u00f6netimi), tedarik\u00e7i\/tedarik\u00e7i \u00e7al\u0131\u015fan\u0131 se\u00e7imi, i\u015f s\u00fcreklili\u011finin sa\u011flanmas\u0131 ve hizmetlere ili\u015fkin sair ileti\u015fim faaliyetlerinin y\u00fcr\u00fct\u00fclmesi, ayr\u0131ca d\u00fczenli olarak \u015eirket\u2019imizde g\u00f6revlerini ifa eden alt y\u00fcklenici niteli\u011findeki Tedarik\u00e7i \u00e7al\u0131\u015fanlar\u0131 bak\u0131m\u0131ndan i\u015f sa\u011fl\u0131\u011f\u0131 ve g\u00fcvenli\u011fi y\u00f6netimi, apron kartlar\u0131 ba\u015fvurular\u0131 ve \u00f6zl\u00fck s\u00fcre\u00e7lerinin y\u00f6netimi, saklama ve ar\u015fiv y\u00f6netimi, mal\/hizmet sat\u0131n alma faaliyetlerinin y\u00fcr\u00fct\u00fclmesi ile tedarik zincirinin y\u00f6netimi, risk y\u00f6netimi s\u00fcre\u00e7lerinin y\u00fcr\u00fct\u00fclmesi, \u00a0organizasyon ve etkinlik y\u00f6netimi, talep ve \u015fikayetlerinizin sonu\u00e7land\u0131r\u0131lmas\u0131, i\u015f faaliyetlerinin y\u00fcr\u00fct\u00fclmesi, sipari\u015flerin, s\u00f6zle\u015fme s\u00fcre\u00e7lerinin ve hukuki taleplerin takibi, finans ve muhasebe operasyonlar\u0131n\u0131n y\u00fcr\u00fct\u00fclmesi, hukuki, s\u00f6zle\u015fmesel ya da tabi oldu\u011fumuz i\u00e7 ve d\u0131\u015f prosed\u00fcrlere ili\u015fkin y\u00fck\u00fcml\u00fcl\u00fcklerimizin yerine getirilmesi; hukuken ba\u011flay\u0131c\u0131l\u0131\u011f\u0131 olan ve yetkili resmi veya \u00f6zel kurumlardan gelen taleplerin yan\u0131tland\u0131r\u0131lmas\u0131, sat\u0131n al\u0131nan \u00fcr\u00fcn ve hizmetlere y\u00f6nelik de\u011ferlendirme,hissedarlar\u0131m\u0131za , di\u011fer tedarik\u00e7ilerimize, kanunen yetkili kamu kurumlar\u0131na ve yetkili \u00f6zel ki\u015filere aktar\u0131labilecektir.<\/p>\n<p>K\u0130\u015e\u0130SEL VER\u0130LER\u0130N\u0130Z\u0130N TOPLANMA Y\u00d6NTEM\u0130 VE HUKUK\u0130 SEBEB\u0130<\/p>\n<p>Ki\u015fisel verileriniz \u015eirketimiz ile temas etmeniz halinde kartvizitler, a\u00e7\u0131k internet kaynaklar\u0131, faks, posta, eposta, telefon, ileti\u015fim merkezi, internet sitesi ve kurumsal sosyal medya kanallar\u0131 vas\u0131tas\u0131yla elektronik ve\/veya fiziki ortamdan toplanmaktad\u0131r. \u00a0Ayr\u0131ca, ki\u015fisel verileriniz Kanun\u2019un 5. ve 6. maddelerinde d\u00fczenlenen hukuki y\u00fck\u00fcml\u00fcl\u00fcklerin yerine getirilmesi, s\u00f6zle\u015fmenin kurulmas\u0131 ve ifas\u0131, me\u015fru menfaat, bir hakk\u0131n tesisi, kullan\u0131lmas\u0131 veya korunmas\u0131 ve bulunmas\u0131 halinde a\u00e7\u0131k r\u0131zan\u0131z\u0131n al\u0131nmas\u0131 hukuki sebeplerine dayal\u0131 olarak toplanmaktad\u0131r.<\/p>\n<p>K\u0130\u015e\u0130SEL VER\u0130 SAH\u0130B\u0130 OLARAK KANUN\u2019UN 11. MADDES\u0130NDE SAYILAN HAKLARINIZ<\/p>\n<p>Ki\u015fisel veri sahibi olarak Kanun\u2019un 11. maddesi uyar\u0131nca a\u015fa\u011f\u0131daki haklara sahip oldu\u011funuzu bildiririz:<\/p>\n<ul>\n<li>Ki\u015fisel verilerinizin i\u015flenip i\u015flenmedi\u011fini \u00f6\u011frenme,<\/li>\n<li>Ki\u015fisel verileriniz i\u015flenmi\u015fse buna ili\u015fkin bilgi talep etme,<\/li>\n<li>Ki\u015fisel verilerinizin i\u015flenme amac\u0131n\u0131 ve bunlar\u0131n amac\u0131na uygun kullan\u0131l\u0131p kullan\u0131lmad\u0131\u011f\u0131n\u0131 \u00f6\u011frenme,<\/li>\n<li>Yurt i\u00e7inde veya yurt d\u0131\u015f\u0131nda ki\u015fisel verilerinizin aktar\u0131ld\u0131\u011f\u0131 \u00fc\u00e7\u00fcnc\u00fc ki\u015fileri bilme,<\/li>\n<li>Ki\u015fisel verilerinizin eksik veya yanl\u0131\u015f i\u015flenmi\u015f olmas\u0131 h\u00e2linde bunlar\u0131n d\u00fczeltilmesini isteme ve bu kapsamda yap\u0131lan i\u015flemin ki\u015fisel verilerinizin aktar\u0131ld\u0131\u011f\u0131 \u00fc\u00e7\u00fcnc\u00fc ki\u015filere bildirilmesini isteme,<\/li>\n<li>Kanun\u2019a ve ilgili di\u011fer kanun h\u00fck\u00fcmlerine uygun olarak i\u015flenmi\u015f olmas\u0131na ra\u011fmen, i\u015flenmesini gerektiren sebeplerin ortadan kalkmas\u0131 h\u00e2linde ki\u015fisel verilerin silinmesini veya yok edilmesini isteme ve bu kapsamda yap\u0131lan i\u015flemin ki\u015fisel verilerinizin aktar\u0131ld\u0131\u011f\u0131 \u00fc\u00e7\u00fcnc\u00fc ki\u015filere bildirilmesini isteme,<\/li>\n<li>\u0130\u015flenen verilerin m\u00fcnhas\u0131ran otomatik sistemler vas\u0131tas\u0131yla analiz edilmesi suretiyle aleyhinize bir sonucun ortaya \u00e7\u0131kmas\u0131 durumunda buna itiraz etme,<\/li>\n<li>Ki\u015fisel verilerinizin kanuna ayk\u0131r\u0131 olarak i\u015flenmesi sebebiyle zarara u\u011framan\u0131z h\u00e2linde zarar\u0131n giderilmesini talep etme.<\/li>\n<\/ul>\n<p><strong>Ki\u015fisel Verilerin Saklanma S\u00fcresi<\/strong><\/p>\n<p>KVKK h\u00fck\u00fcmlerine uygun olarak, i\u015f bu \u201cKi\u015fisel Verilerin \u0130\u015flenmesine \u0130li\u015fkin Ayd\u0131nlatma Metni\u201d nde belirtilen ama\u00e7larla i\u015flenmi\u015f olan ki\u015fisel verileriniz, KVKK madde 7\/f.1.\u2019e g\u00f6re i\u015flenmesi gerektiren ama\u00e7 ortadan kalkt\u0131\u011f\u0131nda ve\/veya mevzuat uyar\u0131nca verilerinizi i\u015flememiz i\u00e7in zorunlu k\u0131l\u0131nd\u0131\u011f\u0131m\u0131z zaman a\u015f\u0131m\u0131 s\u00fcreleri doldu\u011funda, Ki\u015fisel Verileri Saklama ve \u0130mha Politikas\u0131 g\u00f6z \u00f6n\u00fcne al\u0131narak ki\u015fisel verileriniz taraf\u0131m\u0131zca silinecek, yok edilecek veya anonimle\u015ftirilerek kullan\u0131lmaya devam edilecektir.<\/p>\n<p><strong>Ba\u015fvuru Y\u00f6ntemi ve Formu<\/strong><\/p>\n<p>\u0130lgili ki\u015fi, yukar\u0131da say\u0131lan haklar\u0131na ili\u015fkin taleplerini Veri Sorumlusuna Ba\u015fvuru Usul ve Esaslar\u0131 Hakk\u0131nda Tebli\u011f\u2019de \u00f6ng\u00f6r\u00fclen ba\u015fvuru usullerine uygun olarak \u00c7am Ecza&#8217;ya\u00a0ba\u015fvurabilir.<\/p>\n<p>6698 Say\u0131l\u0131 Ki\u015fisel Verilerin Korunmas\u0131 Kanunu 11. Maddesinde say\u0131lan haklar kapsam\u0131ndaki talepler, KVKK\u2019n\u0131n 13. Maddesi ile Veri Sorumlusuna Ba\u015fvuru Usul ve Esaslar\u0131 Hakk\u0131nda Tebli\u011f\u2019in 5. Maddesi gere\u011fince,\u00a0<a href=\"https:\/\/www.wurth.com.tr\/tr\/wuerth_tr\/about\/kvkk\/calisan_aydinlatma_metni\/www.wurth.com.tr\/kvkk\">www.camecza.com\/kvkk<\/a>\u00a0adresindeki formun doldurulmas\u0131 suretiyle a\u015fa\u011f\u0131da a\u00e7\u0131klanan y\u00f6ntemlerden biri ile ba\u015fvurulabilecektir.<\/p>\n<p>\u015eirkete iletilen ba\u015fvurular, KVKK\u2019n\u0131n 13\/2 maddesi gere\u011fince, talebin niteli\u011fine g\u00f6re, talebin \u015eirkete ula\u015ft\u0131\u011f\u0131 tarihten itibaren 30 g\u00fcn i\u00e7inde cevapland\u0131r\u0131lacakt\u0131r. Ba\u015fvuruya ili\u015fkin cevaplar, KVKK\u2019n\u0131n 13. Maddesi gere\u011fince, yaz\u0131l\u0131 ve elektronik ortamdan ba\u015fvuru sahibine ula\u015ft\u0131r\u0131lacakt\u0131r.<\/p>\n<table border=\"1\" cellspacing=\"0\" cellpadding=\"1\" align=\"center\">\n<tbody>\n<tr>\n<td><\/td>\n<td>Ba\u015fvuru Y\u00f6ntemi<\/td>\n<td>Ba\u015fvuru Yap\u0131lacak Adres<\/td>\n<td>Ba\u015fvuruda Yer Almas\u0131 Gereken Bilgiler<\/td>\n<\/tr>\n<tr>\n<td>1. Yaz\u0131l\u0131 Olarak Ba\u015fvuru<\/td>\n<td>Islak imzal\u0131 \u015fahsen ba\u015fvuru veya noter vas\u0131tas\u0131yla<\/td>\n<td>Orta Mahalle Atabey Sokak No:2\/1 Bayrampa\u015fa \u0130STANBUL<\/td>\n<td>Zarf\u0131n\/tebligat\u0131n \u00fczerine \u201cKi\u015fisel Verilerin Korunmas\u0131 Kanunu Kapsam\u0131nda Bilgi Talebi\u201d yaz\u0131lacakt\u0131r.<\/td>\n<\/tr>\n<tr>\n<td>2. Kay\u0131tl\u0131 Elektronik Posta (KEP) adresi ile<\/td>\n<td>Kay\u0131tl\u0131 Elektronik Posta (KEP) adresi ile<\/td>\n<td>cameczadeposu@hs01.kep.tr<\/td>\n<td>\u00c7am Ecza sisteminde kay\u0131tl\u0131 bulunan elektronik posta adresi kullan\u0131lmak suretiyle<\/td>\n<\/tr>\n<tr>\n<td>3. \u015eirket Sisteminde Bulunan Elektronik Posta Adresi ile Ba\u015fvuru<\/td>\n<td>\u00c7am Ecza Deposu sisteminde kay\u0131tl\u0131 bulunan elektronik posta adresi kullan\u0131lmak suretiyle<\/td>\n<td>kvkk@camecza.com<\/td>\n<td>E-postan\u0131n konu k\u0131sm\u0131na \u201cKi\u015fisel Verilerin Korunmas\u0131 Kanunu Bilgi Talebi\u201d yaz\u0131lacakt\u0131r.<\/td>\n<\/tr>\n<tr>\n<td>4. \u015eirket Sisteminde Bulunmayan Elektronik Posta Adresi ile Ba\u015fvuru<\/td>\n<td>Mobil imza\/e-imza i\u00e7erecek bi\u00e7imde \u00c7am Ecza Deposu sisteminde bulunmayan elektronik posta adresi kullanmak suretiyle<\/td>\n<td>kvkk@camecza.com<\/td>\n<td>E-postan\u0131n konu k\u0131sm\u0131na \u201cKi\u015fisel Verilerin Korunmas\u0131 Kanunu Bilgi Talebi\u201d yaz\u0131lacakt\u0131r.<\/td>\n<\/tr>\n<\/tbody>\n<\/table>\n<p>Talebin kabul edilmesi ya da gerek\u00e7esinin a\u00e7\u0131klanarak reddedilmesi halinde cevap, talep sahibine elektronik ortamda ya da yaz\u0131l\u0131 olarak bildirilecektir. Ba\u015fvuruda yer alan talebin kabul edilmesi halinde firmam\u0131zca gecikmeksizin gere\u011fi yap\u0131lacakt\u0131r.<\/p>\n<p><strong>Veri Sorumlusuna Ba\u015fvuru Usul ve Esaslar\u0131 Hakk\u0131nda Tebli\u011f Md. 7<\/strong><\/p>\n<p><strong>\u00dccret:<\/strong>\u00a0Ba\u015fvuruya yaz\u0131l\u0131 olarak cevap verilmesi durumunda, 10 sayfaya kadar \u00fccret al\u0131nmayacak olup 10 sayfan\u0131n \u00fczerindeki her sayfa i\u00e7in 1 T\u00fcrk Liras\u0131 i\u015flem \u00fccreti al\u0131nabilecektir. Ba\u015fvuruya cevab\u0131n CD, flash bellek gibi bir kay\u0131t ortam\u0131nda verilmesi halinde ise kay\u0131t ortam\u0131n\u0131n maliyeti tutar\u0131nda bir \u00fccret talep edilebilecektir.<\/p>\n<\/div><\/section>\n","protected":false},"excerpt":{"rendered":"","protected":false},"author":1,"featured_media":0,"parent":0,"menu_order":0,"comment_status":"closed","ping_status":"closed","template":"","meta":{"footnotes":""},"class_list":["post-4794","page","type-page","status-publish","hentry"],"_links":{"self":[{"href":"https:\/\/camecza.com.tr\/index.php?rest_route=\/wp\/v2\/pages\/4794","targetHints":{"allow":["GET"]}}],"collection":[{"href":"https:\/\/camecza.com.tr\/index.php?rest_route=\/wp\/v2\/pages"}],"about":[{"href":"https:\/\/camecza.com.tr\/index.php?rest_route=\/wp\/v2\/types\/page"}],"author":[{"embeddable":true,"href":"https:\/\/camecza.com.tr\/index.php?rest_route=\/wp\/v2\/users\/1"}],"replies":[{"embeddable":true,"href":"https:\/\/camecza.com.tr\/index.php?rest_route=%2Fwp%2Fv2%2Fcomments&post=4794"}],"version-history":[{"count":3,"href":"https:\/\/camecza.com.tr\/index.php?rest_route=\/wp\/v2\/pages\/4794\/revisions"}],"predecessor-version":[{"id":4832,"href":"https:\/\/camecza.com.tr\/index.php?rest_route=\/wp\/v2\/pages\/4794\/revisions\/4832"}],"wp:attachment":[{"href":"https:\/\/camecza.com.tr\/index.php?rest_route=%2Fwp%2Fv2%2Fmedia&parent=4794"}],"curies":[{"name":"wp","href":"https:\/\/api.w.org\/{rel}","templated":true}]}}