{"id":4796,"date":"2025-10-09T06:56:46","date_gmt":"2025-10-09T06:56:46","guid":{"rendered":"https:\/\/camecza.com.tr\/?page_id=4796"},"modified":"2025-10-09T07:10:48","modified_gmt":"2025-10-09T07:10:48","slug":"ziyaretci_aydinlatma_metni","status":"publish","type":"page","link":"https:\/\/camecza.com.tr\/?page_id=4796","title":{"rendered":"Ziyaret\u00e7i Ayd\u0131nlatma Metni"},"content":{"rendered":"\n<style type=\"text\/css\" data-created_by=\"avia_inline_auto\" id=\"style-css-av-mgj2w75h-dd09e693cbe8c57467e1a435038d940c\">\n#top .av-special-heading.av-mgj2w75h-dd09e693cbe8c57467e1a435038d940c{\npadding-bottom:10px;\n}\nbody .av-special-heading.av-mgj2w75h-dd09e693cbe8c57467e1a435038d940c .av-special-heading-tag .heading-char{\nfont-size:25px;\n}\n.av-special-heading.av-mgj2w75h-dd09e693cbe8c57467e1a435038d940c .av-subheading{\nfont-size:15px;\n}\n<\/style>\n<div  class='av-special-heading av-mgj2w75h-dd09e693cbe8c57467e1a435038d940c av-special-heading-h3  avia-builder-el-0  el_before_av_textblock  avia-builder-el-first '><h3 class='av-special-heading-tag '  itemprop=\"headline\"  >Ziyaret\u00e7i Ayd\u0131nlatma Metni<\/h3><div class=\"special-heading-border\"><div class=\"special-heading-inner-border\"><\/div><\/div><\/div>\n<section  class='av_textblock_section av-kgi0ma63-88e81fcb949ab1150cfef2febcb18841 '   itemscope=\"itemscope\" itemtype=\"https:\/\/schema.org\/CreativeWork\" ><div class='avia_textblock'  itemprop=\"text\" ><p>Veri Sorumlusu; \u00c7am Ecza Deposu Sa\u011fl\u0131k ve E\u011fitim Hizmetleri Nakliye \u0130n\u015faat Sanayi Ticaret Anonim \u015eirketi (Adres: Orta Mahalle Atabey Sokak No:2\/1 Bayrampa\u015fa \u0130STANBUL, Tel: (0850) 255 01 98, Faks: (0212) 674 25 50, Websitesi: www.camecza.com.tr\/kvkk, Email: kvkk@camecza.com, Mersis No: (0228002555700017) taraf\u0131ndan, 6698 Say\u0131l\u0131 Ki\u015fisel Verilerin Korunmas\u0131 Kanun\u2019u (Bundan sonra \u201cKVKK\u201d olarak ifade edilecektir.) ile Ayd\u0131nlatma Y\u00fck\u00fcml\u00fcl\u00fc\u011f\u00fcn\u00fcn Yerine Getirilmesinde Uyulacak Usul ve Esaslar Hakk\u0131nda Tebli\u011f (Bundan sonra \u201cTebli\u011f\u201d olarak belirtilecektir.)<\/p>\n<p><strong>KVKK Madde 10:<\/strong>\u00a0\u201cKi\u015fisel verilerin elde edilmesi s\u0131ras\u0131nda veri sorumlusu veya yetkilendirdi\u011fi ki\u015fi, ilgili ki\u015filere; Veri sorumlusunun ve varsa temsilcisinin kimli\u011fi, Ki\u015fisel verilerin hangi ama\u00e7la i\u015flenece\u011fi, \u0130\u015flenen ki\u015fisel verilerin kimlere ve hangi ama\u00e7la aktar\u0131labilece\u011fi, Ki\u015fisel veri toplaman\u0131n y\u00f6ntemi ve hukuki sebebi, 11&#8217;inci maddede say\u0131lan di\u011fer haklar\u0131, konusunda bilgi vermekle y\u00fck\u00fcml\u00fcd\u00fcr.\u201d<\/p>\n<p><strong>Kanunda Yer Alan Temel Tan\u0131mlar<\/strong><\/p>\n<p><strong>Ki\u015fisel Veri:<\/strong>\u00a0Kimli\u011fi belirli veya belirlenebilir ger\u00e7ek ki\u015fiye ili\u015fkin her t\u00fcrl\u00fc bilgidir.<\/p>\n<p><strong>Ki\u015fisel Verilerin \u0130\u015flenmesi:<\/strong>\u00a0Ki\u015fisel verilerin tamamen veya k\u0131smen otomatik olan ya da herhangi bir veri kay\u0131t sisteminin par\u00e7as\u0131 olmak kayd\u0131yla otomatik olmayan yollarla elde edilmesi, kaydedilmesi, depolanmas\u0131, muhafaza edilmesi, de\u011fi\u015ftirilmesi, yeniden d\u00fczenlenmesi, a\u00e7\u0131klanmas\u0131, aktar\u0131lmas\u0131, devral\u0131nmas\u0131, elde edilebilir h\u00e2le getirilmesi, s\u0131n\u0131fland\u0131r\u0131lmas\u0131 ya da kullan\u0131lmas\u0131n\u0131n engellenmesi gibi veriler \u00fczerinde ger\u00e7ekle\u015ftirilen her t\u00fcrl\u00fc i\u015flemdir.<\/p>\n<p><strong>Veri Sorumlusu:<\/strong>\u00a0Ki\u015fisel verilerin i\u015fleme ama\u00e7lar\u0131n\u0131 ve vas\u0131talar\u0131n\u0131 belirleyen, veri kay\u0131t sisteminin kurulmas\u0131ndan ve y\u00f6netilmesinden sorumlu olan ger\u00e7ek ve t\u00fczel ki\u015fidir. \u0130\u015fbu metin kapsam\u0131nda veri sorumlusu, Orta Mahalle Atabey Sokak No:2\/1 Bayrampa\u015fa \u0130STANBUL, adresinde mukim \u00c7am Ecza Deposu Sa\u011fl\u0131k ve E\u011fitim Hizmetleri Nakliye \u0130n\u015faat Sanayi Ticaret Anonim \u015eirketi\u2019dir.<\/p>\n<p><strong>Veri kay\u0131t sistemi (VERB\u0130S):<\/strong>\u00a0Ki\u015fisel verilerin belirli kriterlere g\u00f6re yap\u0131land\u0131r\u0131larak i\u015flendi\u011fi kay\u0131t sistemidir.<\/p>\n<p><strong>A\u00e7\u0131k R\u0131za:<\/strong>\u00a0Belirli bir konuya ili\u015fkin, bilgilendirilmeye dayanan ve \u00f6zg\u00fcr iradeyle a\u00e7\u0131klanan r\u0131zad\u0131r.<\/p>\n<p><strong>Kurul:<\/strong>\u00a0Ki\u015fisel Verileri Koruma Kurulu\u2019nu ifade eder.<\/p>\n<p>Ki\u015fisel Verilerin Hangi Ama\u00e7la \u0130\u015flenece\u011fi haz\u0131rlanan \u015eirket\u2019imizi ziyaret etmi\u015f olman\u0131z nedeniyle, g\u00fcvenlik birimimiz taraf\u0131ndan sisteme i\u015flenen kimlik verileriniz, ileti\u015fim verileriniz, mesleki verileriniz, ara\u00e7 verileriniz ve ayn\u0131 zamanda fabrikam\u0131zda bulunan kapal\u0131 devre kamera kay\u0131t sistemleri vas\u0131tas\u0131yla olu\u015fan g\u00f6rsel verilerinizi i\u00e7eren ki\u015fisel verileriniz; \u015eirket g\u00fcvenli\u011fi amac\u0131yla i\u015flenmektedir. \u015eirket g\u00fcvenli\u011fi kapsam\u0131nda veya \u00e7al\u0131\u015fanlara ait raporlar\u0131n taraf\u0131n\u0131zdan teslim edilmesi durumunda bu hususun ispat\u0131 kapsam\u0131nda kimlik verileriniz, ileti\u015fim verileriniz ve imza verileriniz i\u015flenebilmektedir. \u00a0Buna ek olarak log kay\u0131tlar\u0131n\u0131z, \u015eirket i\u00e7i kablosuz a\u011f hizmeti sunulmas\u0131 ve \u015eirket\u2019in yasal y\u00fck\u00fcml\u00fcl\u00fckleri kapsam\u0131nda eri\u015fim sayfalar\u0131n\u0131n kay\u0131t alt\u0131na al\u0131nmas\u0131 ama\u00e7lar\u0131yla s\u0131n\u0131rl\u0131 olarak i\u015flenebilmektedir. \u00a0Ayr\u0131ca yukar\u0131da belirtilen ki\u015fisel verileriniz \u015eirket\u2019e ait fiziki ar\u015fivler ve bili\u015fim sistemlerine nakledilerek, hem dijital hem de fiziki ortamda muhafaza alt\u0131nda tutulabilmektedir.<\/p>\n<p>\u00c7am Ecza Deposu, ziyaret\u00e7ilerinin onay\u0131 ile ki\u015fisel verileri tamamen veya k\u0131smen elde eder, kaydeder, saklar, depolar, s\u0131n\u0131fland\u0131r\u0131r ki\u015fisel verilerin elde edili\u015f amac\u0131na g\u00f6re ya da ilgili kanun h\u00fck\u00fcmlerinin \u00f6ng\u00f6rd\u00fc\u011f\u00fc s\u00fcre boyunca muhafaza eder.<\/p>\n<p>Bu do\u011frultuda, ki\u015fisel verilerinizi olu\u015fturan;<br \/>\n\u2022 Kimlik,<br \/>\n\u2022 \u0130leti\u015fim,<br \/>\n\u2022 Fiziksel mek\u00e2n g\u00fcvenli\u011fi<br \/>\n\u2022 \u0130\u015flem G\u00fcvenli\u011fi<br \/>\nverileriniz \u00c7am Ecza Deposu taraf\u0131ndan i\u015flenmektedir.<\/p>\n<p><strong>Ki\u015fisel Veri Toplaman\u0131n Y\u00f6ntemi ve Hukuki Sebebi<\/strong><\/p>\n<p>Ki\u015fisel verileriniz; elektronik, fiziki s\u00f6zl\u00fc ya da yaz\u0131l\u0131 ortamda, \u015firket binas\u0131 i\u00e7erisinde Wi-Fi portal\u0131na veri giri\u015fi yap\u0131lmas\u0131, kimlik belgeniz \u00fczerinden, plaka bilginiz \u00fczerinden, s\u00f6zl\u00fc olarak veya yerle\u015fkemiz i\u00e7inde yer alan kapal\u0131 devre kameralar arac\u0131l\u0131\u011f\u0131yla otomatik ve\/veya otomatik olmayan yollarla toplanmaktad\u0131r. Ki\u015fisel verileriniz elektronik ve\/veya fiziksel ortamlarda saklanacakt\u0131r. Ki\u015fisel verileriniz, \u201c\u0130lgili ki\u015finin temel hak ve \u00f6zg\u00fcrl\u00fcklerine zarar vermemek kayd\u0131yla, veri sorumlusunun me\u015fru menfaatleri i\u00e7in veri i\u015flenmesinin zorunlu olmas\u0131\u201d, \u201cKanunlarda a\u00e7\u0131k\u00e7a \u00f6ng\u00f6r\u00fclmesi\u201d hukuki sebebine dayanarak i\u015flenmektedir. \u00c7am Ecza Deposu, ki\u015fisel verilerinizin g\u00fcvenli\u011fini sa\u011flama, hukuka ayk\u0131r\u0131 olarak i\u015flenmesini \u00f6nleme, hukuka ayk\u0131r\u0131 olarak eri\u015filmesini \u00f6nleme ve muhafazas\u0131n\u0131 sa\u011flama amac\u0131yla, uygun g\u00fcvenlik d\u00fczeyini temin etmeye y\u00f6nelik t\u00fcm teknik ve idari tedbirleri almaktad\u0131r.<\/p>\n<p>KVKK\u2019n\u0131n 5. maddesinde yer alan h\u00fck\u00fcm uyar\u0131nca ki\u015fisel veriler ilgili ki\u015finin a\u00e7\u0131k r\u0131zas\u0131 olmaks\u0131z\u0131n i\u015flenemez. Kanun istisna olarak a\u00e7\u0131k r\u0131za aranmayacak halleri belirtmi\u015ftir. Kanunda a\u00e7\u0131k h\u00fck\u00fcm bulunmas\u0131, bir s\u00f6zle\u015fmenin kurulmas\u0131 veya ifas\u0131yla do\u011frudan do\u011fruya ilgili olmas\u0131 kayd\u0131yla, s\u00f6zle\u015fmenin taraflar\u0131na ait ki\u015fisel verilerin i\u015flenmesinin gerekli olmas\u0131, \u015firketin hukuki y\u00fck\u00fcml\u00fcl\u00fc\u011f\u00fcn\u00fc yerine getirebilmesi i\u00e7in zorunlu olmas\u0131, ilgili ki\u015finin kendisi taraf\u0131ndan alenile\u015ftirilmi\u015f olmas\u0131, bir hakk\u0131n tesisi, kullan\u0131lmas\u0131 veya korunmas\u0131 i\u00e7in veri i\u015flemenin zorunlu olmas\u0131, ilgili ki\u015finin temel hak ve \u00f6zg\u00fcrl\u00fcklerine zarar vermemek kayd\u0131yla, veri sorumlusunun me\u015fru menfaatleri i\u00e7in veri i\u015flenmesinin zorunlu olmas\u0131 durumunda a\u00e7\u0131k r\u0131za aranmaks\u0131z\u0131n ki\u015fisel veriler \u015firketimiz taraf\u0131ndan i\u015flenebilecektir.<\/p>\n<p>\u00c7am Ecza Deposu Sa\u011fl\u0131k ve E\u011fitim Hizmetlerin Nakliye \u0130n\u015faat Sanayi Ticaret Anonim \u015eirketi&#8217; nin faaliyetlerini s\u00fcrd\u00fcrebilmesi i\u00e7in KVKK\u2019n\u0131n 5 ve 6. maddelerinde belirtilen ki\u015fisel verileri i\u015fleme \u015fartlar\u0131 ve ama\u00e7lar\u0131 kapsam\u0131nda ve ilgili sair mevzuat taraf\u0131ndan \u00f6ng\u00f6r\u00fclen esas ve usuller do\u011frultusunda i\u015fbu Ayd\u0131nlatma Metni\u2019nde belirtilen ama\u00e7lar\u0131n sa\u011flanmas\u0131 ve hukuki y\u00fck\u00fcml\u00fcl\u00fcklerin yerine getirilebilmesi i\u00e7in yukar\u0131da belirtilen hukuki sebeplerle i\u015flenebilmektedir.<\/p>\n<p><strong>Ki\u015fisel Verilerin Kimlere Ve Hangi Ama\u00e7la Aktar\u0131labilece\u011fi<\/strong><\/p>\n<p>Kamera sistemlerine ili\u015fkin ki\u015fisel veriler, Kanun\u2019un 8. ve 9. maddesinde belirtilen veri aktarma ve i\u015fleme \u015fartlar\u0131 ile yukar\u0131da say\u0131lan ama\u00e7lar\u0131n ger\u00e7ekle\u015ftirilmesini sa\u011flamak amac\u0131 ile mevzuatta belirlenen g\u00fcvenlik ve gizlilik esaslar\u0131 uyar\u0131nca yeterli ve etkili \u00f6nlemler al\u0131nmak kayd\u0131yla; hukuken yetkili kamu kurumlar\u0131na aktar\u0131labilecektir.<\/p>\n<p><strong>Ki\u015fisel Verilerin Saklanma S\u00fcresi<\/strong><\/p>\n<p>Ki\u015fisel verileriniz,\u00a0<strong>6698 say\u0131l\u0131 Ki\u015fisel Verilerin Korunmas\u0131 Kanunu<\/strong>\u00a0ve\u00a0<strong>5651 say\u0131l\u0131 \u0130nternet Ortam\u0131nda Yap\u0131lan Yay\u0131nlar\u0131n D\u00fczenlenmesi ve Bu Yay\u0131nlar Yoluyla \u0130\u015flenen Su\u00e7larla M\u00fccadele Edilmesi Hakk\u0131nda Kanun<\/strong>\u00a0h\u00fck\u00fcmlerine uygun olarak, yaln\u0131zca i\u015fleme amac\u0131n\u0131n gerektirdi\u011fi s\u00fcre boyunca saklanmaktad\u0131r.<\/p>\n<p>Bu kapsamda,\u00a0<strong>ziyaret\u00e7ilere ait internet eri\u015fim log kay\u0131tlar\u0131<\/strong>\u00a0(IP adresi, ba\u011flant\u0131 tarih ve saat bilgileri, ba\u011flant\u0131 s\u00fcresi vb.),<br \/>\n<strong>5651 say\u0131l\u0131 Kanun ve ilgili y\u00f6netmelikler uyar\u0131nca en az iki (2) y\u0131l s\u00fcreyle<\/strong>\u00a0g\u00fcvenli \u015fekilde muhafaza edilir.<\/p>\n<p>Saklama s\u00fcresinin dolmas\u0131n\u0131n ard\u0131ndan, s\u00f6z konusu veriler\u00a0<strong>Ki\u015fisel Verileri Saklama ve \u0130mha Politikas\u0131<\/strong>\u00a0do\u011frultusunda\u00a0<strong>g\u00fcvenli bi\u00e7imde silinir, yok edilir veya anonimle\u015ftirilir.<\/strong><\/p>\n<p><strong>Ba\u015fvuru Hakk\u0131n\u0131n \u0130stisnalar\u0131<\/strong><\/p>\n<p>Kanun\u2019un 28\/2 h\u00fckm\u00fc uyar\u0131nca, a\u015fa\u011f\u0131daki hallerde zarar\u0131n giderilmesini talep etme hakk\u0131 hari\u00e7 olmak \u00fczere, ilgili ki\u015filerin Kanun\u2019un 11. maddesinde belirtilen haklardan yararlanmalar\u0131 m\u00fcmk\u00fcn olmayacakt\u0131r.<\/p>\n<ul>\n<li>Ki\u015fisel veri i\u015flemenin su\u00e7 i\u015flenmesinin \u00f6nlenmesi veya su\u00e7 soru\u015fturmas\u0131 i\u00e7in gerekli olmas\u0131,<\/li>\n<li>\u0130lgili ki\u015finin kendisi taraf\u0131ndan alenile\u015ftirilmi\u015f ki\u015fisel verilerin i\u015flenmesi.<\/li>\n<\/ul>\n<p><strong>Ba\u015fvuru Y\u00f6ntemi ve Formu<\/strong><\/p>\n<p>\u0130lgili ki\u015fi, yukar\u0131da say\u0131lan haklar\u0131na ili\u015fkin ba\u015fvurular\u0131n\u0131 Veri Sorumlusuna Ba\u015fvuru Usul ve Esaslar\u0131 Hakk\u0131nda Tebli\u011f\u2019de \u00f6ng\u00f6r\u00fclen ba\u015fvuru usullerine uygun olarak yapabilecektir.<\/p>\n<p>6698 Say\u0131l\u0131 Ki\u015fisel Verilerin Korunmas\u0131 Kanunu 11. Maddesinde say\u0131lan haklar kapsam\u0131ndaki talepler, KVKK\u2019n\u0131n 13. Maddesi ile Veri Sorumlusuna Ba\u015fvuru Usul ve Esaslar\u0131 Hakk\u0131nda Tebli\u011f\u2019in 5. Maddesi gere\u011fince,\u00a0<a href=\"https:\/\/x\/\">www.camecza.com.tr\/kvkk<\/a>\u00a0aadresindeki formun doldurulmas\u0131 suretiyle ve\/veya a\u015fa\u011f\u0131da a\u00e7\u0131klanan y\u00f6ntemlerden biri ile \u015firkete iletilebilecektir. \u015eirkete iletilen ba\u015fvurular, KVKK\u2019n\u0131n 13\/2 maddesi gere\u011fince, talebin niteli\u011fine g\u00f6re, talebin \u015eirkete ula\u015ft\u0131\u011f\u0131 tarihten itibaren en ge\u00e7 30 g\u00fcn i\u00e7inde cevapland\u0131r\u0131lacakt\u0131r. Ba\u015fvuruya ili\u015fkin cevaplar, KVKK\u2019n\u0131n 13. Maddesi gere\u011fince, yaz\u0131l\u0131 ve elektronik ortamdan ba\u015fvuru sahibine ula\u015ft\u0131r\u0131lacakt\u0131r. Talebin kabul edilmesi ya da gerek\u00e7esinin a\u00e7\u0131klanarak reddedilmesi halinde cevap, talep sahibine elektronik ortamda ya da yaz\u0131l\u0131 olarak bildirilecektir. Ba\u015fvuruda yer alan talebin kabul edilmesi halinde firmam\u0131zca gecikmeksizin gere\u011fi yap\u0131lacakt\u0131r.<\/p>\n<table border=\"1\" cellspacing=\"0\" cellpadding=\"1\" align=\"center\">\n<tbody>\n<tr>\n<td><\/td>\n<td>Ba\u015fvuru Y\u00f6ntemi<\/td>\n<td>Ba\u015fvuru Yap\u0131lacak Adres<\/td>\n<td>Ba\u015fvuruda Yer Almas\u0131 Gereken Bilgiler<\/td>\n<\/tr>\n<tr>\n<td>1. Yaz\u0131l\u0131 Olarak Ba\u015fvuru<\/td>\n<td>Islak imzal\u0131 \u015fahsen ba\u015fvuru veya noter vas\u0131tas\u0131yla<\/td>\n<td>Orta Mahalle Atabey Sokak No:2\/1 Bayrampa\u015fa \u0130STANBUL<\/td>\n<td>Zarf\u0131n\/tebligat\u0131n \u00fczerine \u201cKi\u015fisel Verilerin Korunmas\u0131 Kanunu Kapsam\u0131nda Bilgi Talebi\u201d yaz\u0131lacakt\u0131r.<\/td>\n<\/tr>\n<tr>\n<td>2. Kay\u0131tl\u0131 Elektronik Posta (KEP) adresi ile<\/td>\n<td>Kay\u0131tl\u0131 Elektronik Posta (KEP) adresi ile<\/td>\n<td>cameczadeposu@hs01.kep.tr<\/td>\n<td>\u00c7am Ecza sisteminde kay\u0131tl\u0131 bulunan elektronik posta adresi kullan\u0131lmak suretiyle<\/td>\n<\/tr>\n<tr>\n<td>3. \u015eirket Sisteminde Bulunan Elektronik Posta Adresi ile Ba\u015fvuru<\/td>\n<td>\u00c7am Ecza Deposu sisteminde kay\u0131tl\u0131 bulunan elektronik posta adresi kullan\u0131lmak suretiyle<\/td>\n<td>kvkk@camecza.com<\/td>\n<td>E-postan\u0131n konu k\u0131sm\u0131na \u201cKi\u015fisel Verilerin Korunmas\u0131 Kanunu Bilgi Talebi\u201d yaz\u0131lacakt\u0131r.<\/td>\n<\/tr>\n<tr>\n<td>4. \u015eirket Sisteminde Bulunmayan Elektronik Posta Adresi ile Ba\u015fvuru<\/td>\n<td>Mobil imza\/e-imza i\u00e7erecek bi\u00e7imde \u00c7am Ecza Deposu sisteminde bulunmayan elektronik posta adresi kullanmak suretiyle<\/td>\n<td>kvkk@camecza.com<\/td>\n<td>E-postan\u0131n konu k\u0131sm\u0131na \u201cKi\u015fisel Verilerin Korunmas\u0131 Kanunu Bilgi Talebi\u201d yaz\u0131lacakt\u0131r.<\/td>\n<\/tr>\n<\/tbody>\n<\/table>\n<p>Talebin kabul edilmesi ya da gerek\u00e7esinin a\u00e7\u0131klanarak reddedilmesi halinde cevap, talep sahibine elektronik ortamda ya da yaz\u0131l\u0131 olarak bildirilecektir. Ba\u015fvuruda yer alan talebin kabul edilmesi halinde firmam\u0131zca gecikmeksizin gere\u011fi yap\u0131lacakt\u0131r.<\/p>\n<p><strong>Veri Sorumlusuna Ba\u015fvuru Usul ve Esaslar\u0131 Hakk\u0131nda Tebli\u011f Md. 7<\/strong><\/p>\n<p><strong>\u00dccret:<\/strong>\u00a0Ba\u015fvuruya yaz\u0131l\u0131 olarak cevap verilmesi durumunda, 10 sayfaya kadar \u00fccret al\u0131nmayacak olup 10 sayfan\u0131n \u00fczerindeki her sayfa i\u00e7in 1 T\u00fcrk Liras\u0131 i\u015flem \u00fccreti al\u0131nabilecektir. Ba\u015fvuruya cevab\u0131n CD, flash bellek gibi bir kay\u0131t ortam\u0131nda verilmesi halinde ise kay\u0131t ortam\u0131n\u0131n maliyeti tutar\u0131nda bir \u00fccret talep edilebilecektir.<\/p>\n<\/div><\/section>\n","protected":false},"excerpt":{"rendered":"","protected":false},"author":1,"featured_media":0,"parent":0,"menu_order":0,"comment_status":"closed","ping_status":"closed","template":"","meta":{"footnotes":""},"class_list":["post-4796","page","type-page","status-publish","hentry"],"_links":{"self":[{"href":"https:\/\/camecza.com.tr\/index.php?rest_route=\/wp\/v2\/pages\/4796","targetHints":{"allow":["GET"]}}],"collection":[{"href":"https:\/\/camecza.com.tr\/index.php?rest_route=\/wp\/v2\/pages"}],"about":[{"href":"https:\/\/camecza.com.tr\/index.php?rest_route=\/wp\/v2\/types\/page"}],"author":[{"embeddable":true,"href":"https:\/\/camecza.com.tr\/index.php?rest_route=\/wp\/v2\/users\/1"}],"replies":[{"embeddable":true,"href":"https:\/\/camecza.com.tr\/index.php?rest_route=%2Fwp%2Fv2%2Fcomments&post=4796"}],"version-history":[{"count":3,"href":"https:\/\/camecza.com.tr\/index.php?rest_route=\/wp\/v2\/pages\/4796\/revisions"}],"predecessor-version":[{"id":4833,"href":"https:\/\/camecza.com.tr\/index.php?rest_route=\/wp\/v2\/pages\/4796\/revisions\/4833"}],"wp:attachment":[{"href":"https:\/\/camecza.com.tr\/index.php?rest_route=%2Fwp%2Fv2%2Fmedia&parent=4796"}],"curies":[{"name":"wp","href":"https:\/\/api.w.org\/{rel}","templated":true}]}}